{"id":10,"date":"2010-03-17T13:41:11","date_gmt":"2010-03-17T13:41:11","guid":{"rendered":"http:\/\/www.pausal.co.uk\/?page_id=10"},"modified":"2010-03-17T13:41:11","modified_gmt":"2010-03-17T13:41:11","slug":"projects","status":"publish","type":"page","link":"https:\/\/pausal.co.uk\/index.php\/projects\/","title":{"rendered":"art projects"},"content":{"rendered":"\n<p>Estos son mis trabajos personales, en los que me sumerjo cuando logro articular tiempo e inspiraci\u00f3n. Reflejan mis intereses variados y combinan, en la mayor\u00eda de los casos, la fotograf\u00eda con otros medios. Te invito a que los recorras y me escribas si quer\u00e9s saber m\u00e1s sobre ellos o si ten\u00e9s comentarios para hacerme. <br><br>\/<br><br>These are my personal projects, which I work on when I find time and inspiration. They reflect my research interests and usually combine photography with other mediums. Please <a href=\"mailto:contact@pausal.co.uk\">email me<\/a> if you want more details, or if you have comments about my work.<br><\/p>\n\n\n\n<p><\/p>\n\n\n\n<p><\/p>\n","protected":false},"excerpt":{"rendered":"<p>Estos son mis trabajos personales, en los que me sumerjo cuando logro articular tiempo e inspiraci\u00f3n. Reflejan mis intereses variados y combinan, en la mayor\u00eda de los casos, la fotograf\u00eda con otros medios. Te invito a que los recorras y me escribas si quer\u00e9s saber m\u00e1s sobre ellos o si&hellip; <\/p>\n","protected":false},"author":1,"featured_media":0,"parent":0,"menu_order":3,"comment_status":"closed","ping_status":"open","template":"","meta":{"footnotes":""},"_links":{"self":[{"href":"https:\/\/pausal.co.uk\/index.php\/wp-json\/wp\/v2\/pages\/10"}],"collection":[{"href":"https:\/\/pausal.co.uk\/index.php\/wp-json\/wp\/v2\/pages"}],"about":[{"href":"https:\/\/pausal.co.uk\/index.php\/wp-json\/wp\/v2\/types\/page"}],"author":[{"embeddable":true,"href":"https:\/\/pausal.co.uk\/index.php\/wp-json\/wp\/v2\/users\/1"}],"replies":[{"embeddable":true,"href":"https:\/\/pausal.co.uk\/index.php\/wp-json\/wp\/v2\/comments?post=10"}],"version-history":[{"count":0,"href":"https:\/\/pausal.co.uk\/index.php\/wp-json\/wp\/v2\/pages\/10\/revisions"}],"wp:attachment":[{"href":"https:\/\/pausal.co.uk\/index.php\/wp-json\/wp\/v2\/media?parent=10"}],"curies":[{"name":"wp","href":"https:\/\/api.w.org\/{rel}","templated":true}]}}