{"id":1042,"date":"2013-01-16T16:36:05","date_gmt":"2013-01-16T16:36:05","guid":{"rendered":"http:\/\/www.pausal.co.uk\/?page_id=1042"},"modified":"2013-01-16T16:36:05","modified_gmt":"2013-01-16T16:36:05","slug":"el-retorno-de-saturno","status":"publish","type":"page","link":"https:\/\/pausal.co.uk\/index.php\/projects\/el-retorno-de-saturno\/","title":{"rendered":"el retorno de saturno \/ saturn return"},"content":{"rendered":"\n<p>________<\/p>\n\n\n\n<h4 class=\"wp-block-heading\">Tengo 28 y de repente, 29.<br>Agenda completa, nombres extranjeros. Todos extra\u00f1os para m\u00ed, pero yo me conocer\u00eda bien a m\u00ed misma.<br>Estoy caminando hac\u00eda mi nueva casa, mi casa n\u00famero 20.<br>No vivo en Nueva York.<br>No estoy rodeada de extra\u00f1os, la mayor\u00eda de las caras a mi alrededor me resultan familiares.<br>Tengo una Mac, buenos auriculares, muchos discos duros llenos de fotos.<br>No soy mam\u00e1 ni estoy casada ni soy famosa.<br>\u00bfPor qu\u00e9 el universo no me habla? \u00bfO estar\u00e9 desatendiendo las se\u00f1ales?<br>Ojal\u00e1 Saturno esperara algunos a\u00f1os m\u00e1s&#8230;<\/h4>\n\n\n\n<h4 class=\"wp-block-heading\">(Seg\u00fan la astrolog\u00eda, entre los primeros 27 y 30 a\u00f1os renacemos de la mano de Saturno. Parece que cuando el planeta anillado vuelve a ubicarse donde estaba cuando nacimos, nos trae cambios dr\u00e1sticos y \u2013como consecuencia inevitable\u2013&nbsp; una gran crisis.<br>Para este proyecto, retrat\u00e9 a 28 mujeres atravesadas por Saturno y les pregunt\u00e9 sobre sus vidas. Fue lindo poder pensar, al menos por un ratito, que todo depende de los planetas y las estrellas).<\/h4>\n\n\n\n<h2 class=\"wp-block-heading\">\/<\/h2>\n\n\n\n<h4 class=\"wp-block-heading\">I am 28 and moments after I turn 29. <br>A complete schedule, foreign names. All strangers to me, but I feel I know myself well. <br>I am walking towards my new house, my house number 20. <br>I do not live in New York. I am not surrounded by strangers, most of the faces around me are familiar. <br>I have a MacBook, good headphones, lots of hard drives full of photos. <br>I am not a mom, I am not married and I am not famous. <br>Why doesn&#8217;t the universe speak to me? Or am I neglecting its signs? <br>I wish Saturn would wait a few more years. <\/h4>\n\n\n\n<h4 class=\"wp-block-heading\">(According to astrology, between the first 27 and 30 years of our lives we are somehow reborn thanks to the movement of Saturn. It seems that when the ringed planet returns to the point in the sky where it was when we were born, it brings us drastic changes and, as an inevitable consequence, a great personal crisis. For this project I portrayed 28 women crossed by Saturn and asked them the same questions about their lives. It was nice to be able to think, at least for a little while, that everything depends on the planets and the stars).<\/h4>\n\n\n\n<hr class=\"wp-block-separator\"\/>\n\n\n\n<figure class=\"wp-block-gallery columns-4 wp-block-gallery-1 is-layout-flex wp-block-gallery-is-layout-flex\"><ul class=\"blocks-gallery-grid\"><li class=\"blocks-gallery-item\"><figure><a href=\"http:\/\/www.pausal.co.uk\/wp-content\/uploads\/pictures\/012.jpg\"><img decoding=\"async\" src=\"http:\/\/www.pausal.co.uk\/wp-content\/uploads\/pictures\/012.jpg\" alt=\"\" data-id=\"1157\" data-full-url=\"http:\/\/www.pausal.co.uk\/wp-content\/uploads\/pictures\/012.jpg\" data-link=\"http:\/\/www.pausal.co.uk\/projects\/el-retorno-de-saturno\/01-3\" class=\"wp-image-1157\"\/><\/a><\/figure><\/li><li class=\"blocks-gallery-item\"><figure><a href=\"http:\/\/www.pausal.co.uk\/wp-content\/uploads\/pictures\/022.jpg\"><img decoding=\"async\" src=\"http:\/\/www.pausal.co.uk\/wp-content\/uploads\/pictures\/022.jpg\" alt=\"\" data-id=\"1158\" data-full-url=\"http:\/\/www.pausal.co.uk\/wp-content\/uploads\/pictures\/022.jpg\" data-link=\"http:\/\/www.pausal.co.uk\/projects\/el-retorno-de-saturno\/02-3\" class=\"wp-image-1158\"\/><\/a><\/figure><\/li><li class=\"blocks-gallery-item\"><figure><a href=\"http:\/\/www.pausal.co.uk\/wp-content\/uploads\/pictures\/031.jpg\"><img decoding=\"async\" src=\"http:\/\/www.pausal.co.uk\/wp-content\/uploads\/pictures\/031.jpg\" alt=\"\" data-id=\"1159\" data-full-url=\"http:\/\/www.pausal.co.uk\/wp-content\/uploads\/pictures\/031.jpg\" data-link=\"http:\/\/www.pausal.co.uk\/projects\/el-retorno-de-saturno\/03-2\" class=\"wp-image-1159\"\/><\/a><\/figure><\/li><li class=\"blocks-gallery-item\"><figure><a href=\"http:\/\/www.pausal.co.uk\/wp-content\/uploads\/pictures\/042.jpg\"><img decoding=\"async\" src=\"http:\/\/www.pausal.co.uk\/wp-content\/uploads\/pictures\/042.jpg\" alt=\"\" data-id=\"1160\" data-full-url=\"http:\/\/www.pausal.co.uk\/wp-content\/uploads\/pictures\/042.jpg\" data-link=\"http:\/\/www.pausal.co.uk\/projects\/el-retorno-de-saturno\/04-3\" class=\"wp-image-1160\"\/><\/a><\/figure><\/li><li class=\"blocks-gallery-item\"><figure><a href=\"http:\/\/www.pausal.co.uk\/wp-content\/uploads\/pictures\/052.jpg\"><img decoding=\"async\" src=\"http:\/\/www.pausal.co.uk\/wp-content\/uploads\/pictures\/052.jpg\" alt=\"\" data-id=\"1161\" data-full-url=\"http:\/\/www.pausal.co.uk\/wp-content\/uploads\/pictures\/052.jpg\" data-link=\"http:\/\/www.pausal.co.uk\/projects\/el-retorno-de-saturno\/05-3\" class=\"wp-image-1161\"\/><\/a><\/figure><\/li><li class=\"blocks-gallery-item\"><figure><a href=\"http:\/\/www.pausal.co.uk\/wp-content\/uploads\/pictures\/062.jpg\"><img decoding=\"async\" src=\"http:\/\/www.pausal.co.uk\/wp-content\/uploads\/pictures\/062.jpg\" alt=\"\" data-id=\"1162\" data-full-url=\"http:\/\/www.pausal.co.uk\/wp-content\/uploads\/pictures\/062.jpg\" data-link=\"http:\/\/www.pausal.co.uk\/projects\/el-retorno-de-saturno\/06-3\" class=\"wp-image-1162\"\/><\/a><\/figure><\/li><li class=\"blocks-gallery-item\"><figure><a href=\"http:\/\/www.pausal.co.uk\/wp-content\/uploads\/pictures\/071.jpg\"><img decoding=\"async\" src=\"http:\/\/www.pausal.co.uk\/wp-content\/uploads\/pictures\/071.jpg\" alt=\"\" data-id=\"1163\" data-full-url=\"http:\/\/www.pausal.co.uk\/wp-content\/uploads\/pictures\/071.jpg\" data-link=\"http:\/\/www.pausal.co.uk\/projects\/el-retorno-de-saturno\/07-2\" class=\"wp-image-1163\"\/><\/a><\/figure><\/li><li class=\"blocks-gallery-item\"><figure><a href=\"http:\/\/www.pausal.co.uk\/wp-content\/uploads\/pictures\/08.jpg\"><img decoding=\"async\" src=\"http:\/\/www.pausal.co.uk\/wp-content\/uploads\/pictures\/08.jpg\" alt=\"\" data-id=\"1164\" data-full-url=\"http:\/\/www.pausal.co.uk\/wp-content\/uploads\/pictures\/08.jpg\" data-link=\"http:\/\/www.pausal.co.uk\/projects\/el-retorno-de-saturno\/attachment\/08\" class=\"wp-image-1164\"\/><\/a><\/figure><\/li><li class=\"blocks-gallery-item\"><figure><a href=\"http:\/\/www.pausal.co.uk\/wp-content\/uploads\/pictures\/09.jpg\"><img decoding=\"async\" src=\"http:\/\/www.pausal.co.uk\/wp-content\/uploads\/pictures\/09.jpg\" alt=\"\" data-id=\"1165\" data-full-url=\"http:\/\/www.pausal.co.uk\/wp-content\/uploads\/pictures\/09.jpg\" data-link=\"http:\/\/www.pausal.co.uk\/projects\/el-retorno-de-saturno\/attachment\/09\" class=\"wp-image-1165\"\/><\/a><\/figure><\/li><li class=\"blocks-gallery-item\"><figure><a href=\"http:\/\/www.pausal.co.uk\/wp-content\/uploads\/pictures\/10.jpg\"><img decoding=\"async\" src=\"http:\/\/www.pausal.co.uk\/wp-content\/uploads\/pictures\/10.jpg\" alt=\"\" data-id=\"1166\" data-full-url=\"http:\/\/www.pausal.co.uk\/wp-content\/uploads\/pictures\/10.jpg\" data-link=\"http:\/\/www.pausal.co.uk\/projects\/el-retorno-de-saturno\/attachment\/10\" class=\"wp-image-1166\"\/><\/a><\/figure><\/li><li class=\"blocks-gallery-item\"><figure><a href=\"http:\/\/www.pausal.co.uk\/wp-content\/uploads\/pictures\/11.jpg\"><img decoding=\"async\" src=\"http:\/\/www.pausal.co.uk\/wp-content\/uploads\/pictures\/11.jpg\" alt=\"\" data-id=\"1167\" data-full-url=\"http:\/\/www.pausal.co.uk\/wp-content\/uploads\/pictures\/11.jpg\" data-link=\"http:\/\/www.pausal.co.uk\/projects\/el-retorno-de-saturno\/attachment\/11\" class=\"wp-image-1167\"\/><\/a><\/figure><\/li><li class=\"blocks-gallery-item\"><figure><a href=\"http:\/\/www.pausal.co.uk\/wp-content\/uploads\/pictures\/121.jpg\"><img decoding=\"async\" src=\"http:\/\/www.pausal.co.uk\/wp-content\/uploads\/pictures\/121.jpg\" alt=\"\" data-id=\"1168\" data-full-url=\"http:\/\/www.pausal.co.uk\/wp-content\/uploads\/pictures\/121.jpg\" data-link=\"http:\/\/www.pausal.co.uk\/projects\/el-retorno-de-saturno\/12-2\" class=\"wp-image-1168\"\/><\/a><\/figure><\/li><li class=\"blocks-gallery-item\"><figure><a href=\"http:\/\/www.pausal.co.uk\/wp-content\/uploads\/pictures\/13.jpg\"><img decoding=\"async\" src=\"http:\/\/www.pausal.co.uk\/wp-content\/uploads\/pictures\/13.jpg\" alt=\"\" data-id=\"1169\" data-full-url=\"http:\/\/www.pausal.co.uk\/wp-content\/uploads\/pictures\/13.jpg\" data-link=\"http:\/\/www.pausal.co.uk\/projects\/el-retorno-de-saturno\/attachment\/13\" class=\"wp-image-1169\"\/><\/a><\/figure><\/li><li class=\"blocks-gallery-item\"><figure><a href=\"http:\/\/www.pausal.co.uk\/wp-content\/uploads\/pictures\/14.jpg\"><img decoding=\"async\" src=\"http:\/\/www.pausal.co.uk\/wp-content\/uploads\/pictures\/14.jpg\" alt=\"\" data-id=\"1170\" data-full-url=\"http:\/\/www.pausal.co.uk\/wp-content\/uploads\/pictures\/14.jpg\" data-link=\"http:\/\/www.pausal.co.uk\/projects\/el-retorno-de-saturno\/attachment\/14\" class=\"wp-image-1170\"\/><\/a><\/figure><\/li><li class=\"blocks-gallery-item\"><figure><a href=\"http:\/\/www.pausal.co.uk\/wp-content\/uploads\/pictures\/15.jpg\"><img decoding=\"async\" src=\"http:\/\/www.pausal.co.uk\/wp-content\/uploads\/pictures\/15.jpg\" alt=\"\" data-id=\"1171\" data-full-url=\"http:\/\/www.pausal.co.uk\/wp-content\/uploads\/pictures\/15.jpg\" data-link=\"http:\/\/www.pausal.co.uk\/projects\/el-retorno-de-saturno\/attachment\/15\" class=\"wp-image-1171\"\/><\/a><\/figure><\/li><li class=\"blocks-gallery-item\"><figure><a href=\"http:\/\/www.pausal.co.uk\/wp-content\/uploads\/pictures\/16.jpg\"><img decoding=\"async\" src=\"http:\/\/www.pausal.co.uk\/wp-content\/uploads\/pictures\/16.jpg\" alt=\"\" data-id=\"1172\" data-full-url=\"http:\/\/www.pausal.co.uk\/wp-content\/uploads\/pictures\/16.jpg\" data-link=\"http:\/\/www.pausal.co.uk\/projects\/el-retorno-de-saturno\/attachment\/16\" class=\"wp-image-1172\"\/><\/a><\/figure><\/li><li class=\"blocks-gallery-item\"><figure><a href=\"http:\/\/www.pausal.co.uk\/wp-content\/uploads\/pictures\/17.jpg\"><img decoding=\"async\" src=\"http:\/\/www.pausal.co.uk\/wp-content\/uploads\/pictures\/17.jpg\" alt=\"\" data-id=\"1173\" data-full-url=\"http:\/\/www.pausal.co.uk\/wp-content\/uploads\/pictures\/17.jpg\" data-link=\"http:\/\/www.pausal.co.uk\/projects\/el-retorno-de-saturno\/attachment\/17\" class=\"wp-image-1173\"\/><\/a><\/figure><\/li><li class=\"blocks-gallery-item\"><figure><a href=\"http:\/\/www.pausal.co.uk\/wp-content\/uploads\/pictures\/18.jpg\"><img decoding=\"async\" src=\"http:\/\/www.pausal.co.uk\/wp-content\/uploads\/pictures\/18.jpg\" alt=\"\" data-id=\"1174\" data-full-url=\"http:\/\/www.pausal.co.uk\/wp-content\/uploads\/pictures\/18.jpg\" data-link=\"http:\/\/www.pausal.co.uk\/projects\/el-retorno-de-saturno\/attachment\/18\" class=\"wp-image-1174\"\/><\/a><\/figure><\/li><li class=\"blocks-gallery-item\"><figure><a href=\"http:\/\/www.pausal.co.uk\/wp-content\/uploads\/pictures\/19.jpg\"><img decoding=\"async\" src=\"http:\/\/www.pausal.co.uk\/wp-content\/uploads\/pictures\/19.jpg\" alt=\"\" data-id=\"1175\" data-full-url=\"http:\/\/www.pausal.co.uk\/wp-content\/uploads\/pictures\/19.jpg\" data-link=\"http:\/\/www.pausal.co.uk\/projects\/el-retorno-de-saturno\/attachment\/19\" class=\"wp-image-1175\"\/><\/a><\/figure><\/li><li class=\"blocks-gallery-item\"><figure><a href=\"http:\/\/www.pausal.co.uk\/wp-content\/uploads\/pictures\/20.jpg\"><img decoding=\"async\" src=\"http:\/\/www.pausal.co.uk\/wp-content\/uploads\/pictures\/20.jpg\" alt=\"\" data-id=\"1176\" data-full-url=\"http:\/\/www.pausal.co.uk\/wp-content\/uploads\/pictures\/20.jpg\" data-link=\"http:\/\/www.pausal.co.uk\/projects\/el-retorno-de-saturno\/attachment\/20\" class=\"wp-image-1176\"\/><\/a><\/figure><\/li><li class=\"blocks-gallery-item\"><figure><a href=\"http:\/\/www.pausal.co.uk\/wp-content\/uploads\/pictures\/21.jpg\"><img decoding=\"async\" src=\"http:\/\/www.pausal.co.uk\/wp-content\/uploads\/pictures\/21.jpg\" alt=\"\" data-id=\"1177\" data-full-url=\"http:\/\/www.pausal.co.uk\/wp-content\/uploads\/pictures\/21.jpg\" data-link=\"http:\/\/www.pausal.co.uk\/projects\/el-retorno-de-saturno\/attachment\/21\" class=\"wp-image-1177\"\/><\/a><\/figure><\/li><li class=\"blocks-gallery-item\"><figure><a href=\"http:\/\/www.pausal.co.uk\/wp-content\/uploads\/pictures\/22.jpg\"><img decoding=\"async\" src=\"http:\/\/www.pausal.co.uk\/wp-content\/uploads\/pictures\/22.jpg\" alt=\"\" data-id=\"1178\" data-full-url=\"http:\/\/www.pausal.co.uk\/wp-content\/uploads\/pictures\/22.jpg\" data-link=\"http:\/\/www.pausal.co.uk\/projects\/el-retorno-de-saturno\/attachment\/22\" class=\"wp-image-1178\"\/><\/a><\/figure><\/li><li class=\"blocks-gallery-item\"><figure><a href=\"http:\/\/www.pausal.co.uk\/wp-content\/uploads\/pictures\/23.jpg\"><img decoding=\"async\" src=\"http:\/\/www.pausal.co.uk\/wp-content\/uploads\/pictures\/23.jpg\" alt=\"\" data-id=\"1179\" data-full-url=\"http:\/\/www.pausal.co.uk\/wp-content\/uploads\/pictures\/23.jpg\" data-link=\"http:\/\/www.pausal.co.uk\/projects\/el-retorno-de-saturno\/attachment\/23\" class=\"wp-image-1179\"\/><\/a><\/figure><\/li><li class=\"blocks-gallery-item\"><figure><a href=\"http:\/\/www.pausal.co.uk\/wp-content\/uploads\/pictures\/24.jpg\"><img decoding=\"async\" src=\"http:\/\/www.pausal.co.uk\/wp-content\/uploads\/pictures\/24.jpg\" alt=\"\" data-id=\"1180\" data-full-url=\"http:\/\/www.pausal.co.uk\/wp-content\/uploads\/pictures\/24.jpg\" data-link=\"http:\/\/www.pausal.co.uk\/projects\/el-retorno-de-saturno\/attachment\/24\" class=\"wp-image-1180\"\/><\/a><\/figure><\/li><li class=\"blocks-gallery-item\"><figure><a href=\"http:\/\/www.pausal.co.uk\/wp-content\/uploads\/pictures\/25.jpg\"><img decoding=\"async\" src=\"http:\/\/www.pausal.co.uk\/wp-content\/uploads\/pictures\/25.jpg\" alt=\"\" data-id=\"1181\" data-full-url=\"http:\/\/www.pausal.co.uk\/wp-content\/uploads\/pictures\/25.jpg\" data-link=\"http:\/\/www.pausal.co.uk\/projects\/el-retorno-de-saturno\/attachment\/25\" class=\"wp-image-1181\"\/><\/a><\/figure><\/li><li class=\"blocks-gallery-item\"><figure><a href=\"http:\/\/www.pausal.co.uk\/wp-content\/uploads\/pictures\/26.jpg\"><img decoding=\"async\" src=\"http:\/\/www.pausal.co.uk\/wp-content\/uploads\/pictures\/26.jpg\" alt=\"\" data-id=\"1182\" data-full-url=\"http:\/\/www.pausal.co.uk\/wp-content\/uploads\/pictures\/26.jpg\" data-link=\"http:\/\/www.pausal.co.uk\/projects\/el-retorno-de-saturno\/attachment\/26\" class=\"wp-image-1182\"\/><\/a><\/figure><\/li><li class=\"blocks-gallery-item\"><figure><a href=\"http:\/\/www.pausal.co.uk\/wp-content\/uploads\/pictures\/27.jpg\"><img decoding=\"async\" src=\"http:\/\/www.pausal.co.uk\/wp-content\/uploads\/pictures\/27.jpg\" alt=\"\" data-id=\"1183\" data-full-url=\"http:\/\/www.pausal.co.uk\/wp-content\/uploads\/pictures\/27.jpg\" data-link=\"http:\/\/www.pausal.co.uk\/projects\/el-retorno-de-saturno\/attachment\/27\" class=\"wp-image-1183\"\/><\/a><\/figure><\/li><li class=\"blocks-gallery-item\"><figure><a href=\"http:\/\/www.pausal.co.uk\/wp-content\/uploads\/pictures\/28.jpg\"><img decoding=\"async\" src=\"http:\/\/www.pausal.co.uk\/wp-content\/uploads\/pictures\/28.jpg\" alt=\"\" data-id=\"1184\" data-full-url=\"http:\/\/www.pausal.co.uk\/wp-content\/uploads\/pictures\/28.jpg\" data-link=\"http:\/\/www.pausal.co.uk\/projects\/el-retorno-de-saturno\/attachment\/28\" class=\"wp-image-1184\"\/><\/a><\/figure><\/li><\/ul><\/figure>\n\n\n\n<h4 class=\"wp-block-heading\">Texto extendido sobre el proyecto, con entrevistas a las 28 mujeres que formaron parte.<\/h4>\n\n\n\n<figure class=\"wp-block-embed-scribd alignwide wp-block-embed is-type-rich is-provider-scribd wp-embed-aspect-9-16 wp-has-aspect-ratio\"><div class=\"wp-block-embed__wrapper\">\n<iframe loading=\"lazy\" title=\"El retorno de Saturno (pdf)\" class=\"scribd_iframe_embed\" src=\"https:\/\/www.scribd.com\/embeds\/187799993\/content\" data-aspect-ratio=\"0.7080062794348508\" scrolling=\"no\" id=\"187799993\" width=\"770\" height=\"1000\" frameborder=\"0\"><\/iframe><script type=\"text\/javascript\">          (function() { var scribd = document.createElement(\"script\"); scribd.type = \"text\/javascript\"; scribd.async = true; scribd.src = \"https:\/\/www.scribd.com\/javascripts\/embed_code\/inject.js\"; var s = document.getElementsByTagName(\"script\")[0]; s.parentNode.insertBefore(scribd, s); })()        <\/script>\n<\/div><\/figure>\n","protected":false},"excerpt":{"rendered":"<p>________ Tengo 28 y de repente, 29.Agenda completa, nombres extranjeros. Todos extra\u00f1os para m\u00ed, pero yo me conocer\u00eda bien a m\u00ed misma.Estoy caminando hac\u00eda mi nueva casa, mi casa n\u00famero 20.No vivo en Nueva York.No estoy rodeada de extra\u00f1os, la mayor\u00eda de las caras a mi alrededor me resultan familiares.Tengo&hellip; <\/p>\n","protected":false},"author":1,"featured_media":0,"parent":10,"menu_order":0,"comment_status":"closed","ping_status":"closed","template":"","meta":{"footnotes":""},"_links":{"self":[{"href":"https:\/\/pausal.co.uk\/index.php\/wp-json\/wp\/v2\/pages\/1042"}],"collection":[{"href":"https:\/\/pausal.co.uk\/index.php\/wp-json\/wp\/v2\/pages"}],"about":[{"href":"https:\/\/pausal.co.uk\/index.php\/wp-json\/wp\/v2\/types\/page"}],"author":[{"embeddable":true,"href":"https:\/\/pausal.co.uk\/index.php\/wp-json\/wp\/v2\/users\/1"}],"replies":[{"embeddable":true,"href":"https:\/\/pausal.co.uk\/index.php\/wp-json\/wp\/v2\/comments?post=1042"}],"version-history":[{"count":0,"href":"https:\/\/pausal.co.uk\/index.php\/wp-json\/wp\/v2\/pages\/1042\/revisions"}],"up":[{"embeddable":true,"href":"https:\/\/pausal.co.uk\/index.php\/wp-json\/wp\/v2\/pages\/10"}],"wp:attachment":[{"href":"https:\/\/pausal.co.uk\/index.php\/wp-json\/wp\/v2\/media?parent=1042"}],"curies":[{"name":"wp","href":"https:\/\/api.w.org\/{rel}","templated":true}]}}