{"id":1490,"date":"2020-08-09T00:33:00","date_gmt":"2020-08-09T00:33:00","guid":{"rendered":"http:\/\/www.pausal.co.uk\/?page_id=1490"},"modified":"2020-08-09T00:33:00","modified_gmt":"2020-08-09T00:33:00","slug":"curating","status":"publish","type":"page","link":"https:\/\/pausal.co.uk\/index.php\/curating\/","title":{"rendered":"curating"},"content":{"rendered":"\n<p>En el 2010 comenc\u00e9 a trabajar, casi por casualidad, organizando y coordinando exposiciones de arte para amigos y conocidos, mientras los ayudaba con cat\u00e1logos y textos de presentaci\u00f3n sobre sus trabajos. Descubr\u00ed un rol y un hacer que hab\u00eda pasado por alto. <br>En el 2015, en Argentina, comenc\u00e9 una maestr\u00eda en Curadur\u00eda en Artes Visuales en la Universidad de Tres de Febrero (UNTREF). <br>Estos son algunos de los proyectos curatoriales en los que he estado trabajando. <br><br>\/ <br><br>In 2010 I started working, almost by chance, organizing and coordinating art exhibitions for friends and acquaintances, while helping them with catalogues and presentation texts about their work. I discovered a role and an interest that I had overlooked.<br>In 2015, in Argentina, I started a master&#8217;s degree in Visual Arts Curating at the University of Tres de Febrero (UNTREF).<br>These are a selection of the curatorial projects that I have been involved in.<\/p>\n\n\n\n<p><br><br><\/p>\n\n\n\n<p><\/p>\n\n\n\n<p><\/p>\n\n\n\n<p><\/p>\n\n\n\n<p><\/p>\n\n\n\n<p><\/p>\n\n\n\n<h4 class=\"wp-block-heading\"><\/h4>\n","protected":false},"excerpt":{"rendered":"<p>En el 2010 comenc\u00e9 a trabajar, casi por casualidad, organizando y coordinando exposiciones de arte para amigos y conocidos, mientras los ayudaba con cat\u00e1logos y textos de presentaci\u00f3n sobre sus trabajos. Descubr\u00ed un rol y un hacer que hab\u00eda pasado por alto. En el 2015, en Argentina, comenc\u00e9 una maestr\u00eda&hellip; <\/p>\n","protected":false},"author":1,"featured_media":0,"parent":0,"menu_order":0,"comment_status":"closed","ping_status":"closed","template":"","meta":{"footnotes":""},"_links":{"self":[{"href":"https:\/\/pausal.co.uk\/index.php\/wp-json\/wp\/v2\/pages\/1490"}],"collection":[{"href":"https:\/\/pausal.co.uk\/index.php\/wp-json\/wp\/v2\/pages"}],"about":[{"href":"https:\/\/pausal.co.uk\/index.php\/wp-json\/wp\/v2\/types\/page"}],"author":[{"embeddable":true,"href":"https:\/\/pausal.co.uk\/index.php\/wp-json\/wp\/v2\/users\/1"}],"replies":[{"embeddable":true,"href":"https:\/\/pausal.co.uk\/index.php\/wp-json\/wp\/v2\/comments?post=1490"}],"version-history":[{"count":0,"href":"https:\/\/pausal.co.uk\/index.php\/wp-json\/wp\/v2\/pages\/1490\/revisions"}],"wp:attachment":[{"href":"https:\/\/pausal.co.uk\/index.php\/wp-json\/wp\/v2\/media?parent=1490"}],"curies":[{"name":"wp","href":"https:\/\/api.w.org\/{rel}","templated":true}]}}