{"id":1495,"date":"2020-08-09T00:35:08","date_gmt":"2020-08-09T00:35:08","guid":{"rendered":"http:\/\/www.pausal.co.uk\/?page_id=1495"},"modified":"2020-08-09T00:35:08","modified_gmt":"2020-08-09T00:35:08","slug":"experienciahiedra-2015-2018","status":"publish","type":"page","link":"https:\/\/pausal.co.uk\/index.php\/curating\/experienciahiedra-2015-2018\/","title":{"rendered":"(experiencia)HIEDRA 2015\/2018"},"content":{"rendered":"\n<p>_________<\/p>\n\n\n\n<h4 class=\"wp-block-heading\">Cofund\u00e9 y co-cur\u00e9 (experiencia) HIEDRA, un espacio galer\u00eda de arte e intercambio art\u00edstico durante tres a\u00f1os entre el 2015 y el 2018. Junto a Jacinta Racedo realizamos m\u00e1s de 100 actividades entre encuentros, di\u00e1logos, debates, cenas, exposiciones, presentaciones y talleres. (e)HIEDRA fue un proyecto autofinanciado, autogestionado e independiente. Las actividades que realizamos y organizamos fueron gratuitas (con excepci\u00f3n de unos pocos talleres y workshops), abiertas al p\u00fablico y con el foco puesto en vincularnos comunitariamente con nuestro entorno m\u00e1s cercano. Sin espacio f\u00edsico desde agosto del 2018, el proyecto contin\u00faa vivo y mutando en su accionar, tomando nuevas formas y adaptado a los nuevos contextos.<\/h4>\n\n\n\n<hr class=\"wp-block-separator\"\/>\n\n\n\n<p><\/p>\n\n\n\n<figure class=\"wp-block-gallery columns-0 is-cropped wp-block-gallery-1 is-layout-flex wp-block-gallery-is-layout-flex\"><ul class=\"blocks-gallery-grid\"><\/ul><\/figure>\n\n\n\n<figure class=\"wp-block-gallery columns-5 is-cropped wp-block-gallery-2 is-layout-flex wp-block-gallery-is-layout-flex\"><ul class=\"blocks-gallery-grid\"><li class=\"blocks-gallery-item\"><figure><img decoding=\"async\" src=\"http:\/\/www.pausal.co.uk\/wp-content\/uploads\/pictures\/12485959_1000601509986279_2558758413252123189_o-2-900x600.jpg\" alt=\"\" data-id=\"1643\" data-full-url=\"http:\/\/www.pausal.co.uk\/wp-content\/uploads\/pictures\/12485959_1000601509986279_2558758413252123189_o-2.jpg\" data-link=\"http:\/\/www.pausal.co.uk\/curating\/experienciahiedra-2015-2018\/12485959_1000601509986279_2558758413252123189_o-2\" class=\"wp-image-1643\"\/><\/figure><\/li><li class=\"blocks-gallery-item\"><figure><img decoding=\"async\" src=\"http:\/\/www.pausal.co.uk\/wp-content\/uploads\/pictures\/11056611_942900269089737_2743542827107067488_n-898x600.jpg\" alt=\"\" data-id=\"1623\" data-full-url=\"http:\/\/www.pausal.co.uk\/wp-content\/uploads\/pictures\/11056611_942900269089737_2743542827107067488_n.jpg\" data-link=\"http:\/\/www.pausal.co.uk\/curating\/experienciahiedra-2015-2018\/11056611_942900269089737_2743542827107067488_n\" class=\"wp-image-1623\"\/><\/figure><\/li><li class=\"blocks-gallery-item\"><figure><img decoding=\"async\" src=\"http:\/\/www.pausal.co.uk\/wp-content\/uploads\/pictures\/1209-800x600.jpg\" alt=\"\" data-id=\"1621\" data-full-url=\"http:\/\/www.pausal.co.uk\/wp-content\/uploads\/pictures\/1209.jpg\" data-link=\"http:\/\/www.pausal.co.uk\/curating\/experienciahiedra-2015-2018\/attachment\/1209\" class=\"wp-image-1621\"\/><\/figure><\/li><li class=\"blocks-gallery-item\"><figure><img decoding=\"async\" src=\"http:\/\/www.pausal.co.uk\/wp-content\/uploads\/pictures\/1240082_996502310396199_7267837558416834269_n-600x600.jpg\" alt=\"\" data-id=\"1622\" data-full-url=\"http:\/\/www.pausal.co.uk\/wp-content\/uploads\/pictures\/1240082_996502310396199_7267837558416834269_n.jpg\" data-link=\"http:\/\/www.pausal.co.uk\/curating\/experienciahiedra-2015-2018\/1240082_996502310396199_7267837558416834269_n\" class=\"wp-image-1622\"\/><\/figure><\/li><li class=\"blocks-gallery-item\"><figure><img decoding=\"async\" src=\"http:\/\/www.pausal.co.uk\/wp-content\/uploads\/pictures\/12032869_952438518135912_3968217442112893861_o-800x600.jpg\" alt=\"\" data-id=\"1625\" data-full-url=\"http:\/\/www.pausal.co.uk\/wp-content\/uploads\/pictures\/12032869_952438518135912_3968217442112893861_o.jpg\" data-link=\"http:\/\/www.pausal.co.uk\/curating\/experienciahiedra-2015-2018\/12032869_952438518135912_3968217442112893861_o\" class=\"wp-image-1625\"\/><\/figure><\/li><li class=\"blocks-gallery-item\"><figure><img decoding=\"async\" src=\"http:\/\/www.pausal.co.uk\/wp-content\/uploads\/pictures\/12186854_966351416744622_3985070051279852213_o-900x600.jpg\" alt=\"\" data-id=\"1627\" data-full-url=\"http:\/\/www.pausal.co.uk\/wp-content\/uploads\/pictures\/12186854_966351416744622_3985070051279852213_o.jpg\" data-link=\"http:\/\/www.pausal.co.uk\/curating\/experienciahiedra-2015-2018\/12186854_966351416744622_3985070051279852213_o\" class=\"wp-image-1627\"\/><\/figure><\/li><li class=\"blocks-gallery-item\"><figure><img decoding=\"async\" src=\"http:\/\/www.pausal.co.uk\/wp-content\/uploads\/pictures\/12489341_1000601669986263_7972351535479559046_o-900x600.jpg\" alt=\"\" data-id=\"1628\" data-full-url=\"http:\/\/www.pausal.co.uk\/wp-content\/uploads\/pictures\/12489341_1000601669986263_7972351535479559046_o.jpg\" data-link=\"http:\/\/www.pausal.co.uk\/curating\/experienciahiedra-2015-2018\/12489341_1000601669986263_7972351535479559046_o\" class=\"wp-image-1628\"\/><\/figure><\/li><li class=\"blocks-gallery-item\"><figure><img decoding=\"async\" src=\"http:\/\/www.pausal.co.uk\/wp-content\/uploads\/pictures\/12525340_1000601739986256_7418909659885512535_o-900x600.jpg\" alt=\"\" data-id=\"1630\" data-full-url=\"http:\/\/www.pausal.co.uk\/wp-content\/uploads\/pictures\/12525340_1000601739986256_7418909659885512535_o.jpg\" data-link=\"http:\/\/www.pausal.co.uk\/curating\/experienciahiedra-2015-2018\/12525340_1000601739986256_7418909659885512535_o\" class=\"wp-image-1630\"\/><\/figure><\/li><li class=\"blocks-gallery-item\"><figure><img decoding=\"async\" src=\"http:\/\/www.pausal.co.uk\/wp-content\/uploads\/pictures\/12513857_1003955782984185_5336824158885116747_o-371x600.jpg\" alt=\"\" data-id=\"1629\" data-full-url=\"http:\/\/www.pausal.co.uk\/wp-content\/uploads\/pictures\/12513857_1003955782984185_5336824158885116747_o.jpg\" data-link=\"http:\/\/www.pausal.co.uk\/curating\/experienciahiedra-2015-2018\/12513857_1003955782984185_5336824158885116747_o\" class=\"wp-image-1629\"\/><\/figure><\/li><li class=\"blocks-gallery-item\"><figure><img decoding=\"async\" src=\"http:\/\/www.pausal.co.uk\/wp-content\/uploads\/pictures\/12657382_1010523315660765_1876060304077655841_o-800x600.jpg\" alt=\"\" data-id=\"1631\" data-full-url=\"http:\/\/www.pausal.co.uk\/wp-content\/uploads\/pictures\/12657382_1010523315660765_1876060304077655841_o.jpg\" data-link=\"http:\/\/www.pausal.co.uk\/curating\/experienciahiedra-2015-2018\/12657382_1010523315660765_1876060304077655841_o\" class=\"wp-image-1631\"\/><\/figure><\/li><li class=\"blocks-gallery-item\"><figure><img decoding=\"async\" src=\"http:\/\/www.pausal.co.uk\/wp-content\/uploads\/pictures\/12711181_1010523238994106_10412489352610148_o-800x600.jpg\" alt=\"\" data-id=\"1632\" data-full-url=\"http:\/\/www.pausal.co.uk\/wp-content\/uploads\/pictures\/12711181_1010523238994106_10412489352610148_o.jpg\" data-link=\"http:\/\/www.pausal.co.uk\/curating\/experienciahiedra-2015-2018\/12711181_1010523238994106_10412489352610148_o\" class=\"wp-image-1632\"\/><\/figure><\/li><li class=\"blocks-gallery-item\"><figure><img decoding=\"async\" src=\"http:\/\/www.pausal.co.uk\/wp-content\/uploads\/pictures\/12744381_1016698055043291_5537661585692750151_n-716x600.jpg\" alt=\"\" data-id=\"1633\" data-full-url=\"http:\/\/www.pausal.co.uk\/wp-content\/uploads\/pictures\/12744381_1016698055043291_5537661585692750151_n.jpg\" data-link=\"http:\/\/www.pausal.co.uk\/curating\/experienciahiedra-2015-2018\/12744381_1016698055043291_5537661585692750151_n\" class=\"wp-image-1633\"\/><\/figure><\/li><li class=\"blocks-gallery-item\"><figure><img decoding=\"async\" src=\"http:\/\/www.pausal.co.uk\/wp-content\/uploads\/pictures\/13087070_1062929550420141_3374452259622917345_o-898x600.jpg\" alt=\"\" data-id=\"1634\" data-full-url=\"http:\/\/www.pausal.co.uk\/wp-content\/uploads\/pictures\/13087070_1062929550420141_3374452259622917345_o.jpg\" data-link=\"http:\/\/www.pausal.co.uk\/curating\/experienciahiedra-2015-2018\/13087070_1062929550420141_3374452259622917345_o\" class=\"wp-image-1634\"\/><\/figure><\/li><li class=\"blocks-gallery-item\"><figure><img decoding=\"async\" src=\"http:\/\/www.pausal.co.uk\/wp-content\/uploads\/pictures\/02_16-1-894x600.jpg\" alt=\"\" data-id=\"1640\" data-full-url=\"http:\/\/www.pausal.co.uk\/wp-content\/uploads\/pictures\/02_16-1.jpg\" data-link=\"http:\/\/www.pausal.co.uk\/curating\/experienciahiedra-2015-2018\/02_16-1\" class=\"wp-image-1640\"\/><\/figure><\/li><li class=\"blocks-gallery-item\"><figure><img decoding=\"async\" src=\"http:\/\/www.pausal.co.uk\/wp-content\/uploads\/pictures\/13308523_1081177411928688_3631277810579766549_o-600x600.jpg\" alt=\"\" data-id=\"1636\" data-full-url=\"http:\/\/www.pausal.co.uk\/wp-content\/uploads\/pictures\/13308523_1081177411928688_3631277810579766549_o.jpg\" data-link=\"http:\/\/www.pausal.co.uk\/curating\/experienciahiedra-2015-2018\/13308523_1081177411928688_3631277810579766549_o\" class=\"wp-image-1636\"\/><\/figure><\/li><\/ul><\/figure>\n\n\n\n<p><\/p>\n\n\n\n<p><\/p>\n","protected":false},"excerpt":{"rendered":"<p>_________ Cofund\u00e9 y co-cur\u00e9 (experiencia) HIEDRA, un espacio galer\u00eda de arte e intercambio art\u00edstico durante tres a\u00f1os entre el 2015 y el 2018. Junto a Jacinta Racedo realizamos m\u00e1s de 100 actividades entre encuentros, di\u00e1logos, debates, cenas, exposiciones, presentaciones y talleres. (e)HIEDRA fue un proyecto autofinanciado, autogestionado e independiente. Las&hellip; <\/p>\n","protected":false},"author":1,"featured_media":0,"parent":1490,"menu_order":0,"comment_status":"closed","ping_status":"closed","template":"","meta":{"footnotes":""},"_links":{"self":[{"href":"https:\/\/pausal.co.uk\/index.php\/wp-json\/wp\/v2\/pages\/1495"}],"collection":[{"href":"https:\/\/pausal.co.uk\/index.php\/wp-json\/wp\/v2\/pages"}],"about":[{"href":"https:\/\/pausal.co.uk\/index.php\/wp-json\/wp\/v2\/types\/page"}],"author":[{"embeddable":true,"href":"https:\/\/pausal.co.uk\/index.php\/wp-json\/wp\/v2\/users\/1"}],"replies":[{"embeddable":true,"href":"https:\/\/pausal.co.uk\/index.php\/wp-json\/wp\/v2\/comments?post=1495"}],"version-history":[{"count":0,"href":"https:\/\/pausal.co.uk\/index.php\/wp-json\/wp\/v2\/pages\/1495\/revisions"}],"up":[{"embeddable":true,"href":"https:\/\/pausal.co.uk\/index.php\/wp-json\/wp\/v2\/pages\/1490"}],"wp:attachment":[{"href":"https:\/\/pausal.co.uk\/index.php\/wp-json\/wp\/v2\/media?parent=1495"}],"curies":[{"name":"wp","href":"https:\/\/api.w.org\/{rel}","templated":true}]}}