{"id":1561,"date":"2020-08-09T10:24:22","date_gmt":"2020-08-09T10:24:22","guid":{"rendered":"http:\/\/www.pausal.co.uk\/?page_id=1561"},"modified":"2020-08-09T10:24:22","modified_gmt":"2020-08-09T10:24:22","slug":"circuito-contacto","status":"publish","type":"page","link":"https:\/\/pausal.co.uk\/index.php\/curating\/circuito-contacto\/","title":{"rendered":"circuito\/contacto"},"content":{"rendered":"\n<p>________<\/p>\n\n\n\n<h4 class=\"wp-block-heading\">Marzo 2018, Buenos Aires, Argentina<br>Co-curadur\u00eda con <a href=\"http:\/\/www.luciaseijo.com\/\" target=\"_blank\" rel=\"noreferrer noopener\">Luc\u00eda Seijo<\/a><\/h4>\n\n\n\n<h4 class=\"wp-block-heading\">El proyecto visibiliza las experiencias de artistas en las ciudades a trav\u00e9s de historias personales, recorridos err\u00e1ticos, mapas subjetivos y proyectos que tienen a la ciudad y a las vivencias de y en ella como principio.<br>No organizado en forma de muestra sino en bloques tem\u00e1ticos, cada artista\/grupo hace uso de las vidrieras de la galer\u00eda (experiencia)HIEDRA como punto de partida hacia recorridos virtuales, reales y simb\u00f3licos por la ciudad (\u00e9sta u otras).<br>De este modo entran en discusi\u00f3n las posibilidades y limitaciones del uso de la ciudad como canvas, las calles como fuentes de inspiraci\u00f3n o de bloqueo art\u00edstico y las dificultades de sobrevivir mediante la pr\u00e1ctica art\u00edstica en las urbes modernas.<br>Participan de circuito\/contacto proyectos finalizados o en curso, grupales o individuales, basados en encuentros f\u00edsicos y\/o virtuales. La convocatoria fue abierta a toda la comunidad de artistas, vecinos\/as y gestores\/as. <\/h4>\n\n\n\n<h4 class=\"wp-block-heading\">\/<\/h4>\n\n\n\n<h4 class=\"wp-block-heading\">circuit\/contact<br>March 2018, Buenos Aires, Argentina<br>Co-curatorship with <a rel=\"noreferrer noopener\" href=\"http:\/\/luciaseijo.com\/\" data-type=\"URL\" data-id=\"http:\/\/luciaseijo.com\/\" target=\"_blank\">Luc\u00eda Seijo<\/a><\/h4>\n\n\n\n<h4 class=\"wp-block-heading\">The project makes visible the experiences of artists in cities through their personal stories, erratic journeys, subjective maps and other projects centering around the city and the experiences emerging from and within it. <br>Not organized in the form of a mainstream exhibition but around thematic blocks, each artist\/group makes use of the stained glass windows of the  space  (experiencia) HIEDRA, allowing passers by to enter without stepping in. This works as a starting point towards virtual, real and symbolic tours of the city (our and others).<br>In this way, the possibilities and limitations of the use of the city as a canvas, the streets as sources of inspiration or artistic blockage, and the difficulties of surviving through artistic practice in modern cities come all into discussion.<br>circuit\/contact  allowed  completed or in progress projects, group or individual,  based on physical and\/ or virtual encounters. The call for participation was open to the entire community of art practitioners, neighbors and curators.<\/h4>\n\n\n\n<h4 class=\"wp-block-heading\">\/<\/h4>\n\n\n\n<h4 class=\"wp-block-heading\"><span style=\"text-decoration: underline;\">Programa \/ programme <\/span><\/h4>\n\n\n\n<h4 class=\"wp-block-heading\">16.03.18 \/ 8pm: Gran Inauguraci\u00f3n <strong>Una modesta proposici\u00f3n de grupo PAR<\/strong> (Luc\u00eda Lipsich + Nicol\u00e1s Rodr\u00edguez)<\/h4>\n\n\n\n<figure class=\"wp-block-image size-large\"><img decoding=\"async\" src=\"http:\/\/www.pausal.co.uk\/wp-content\/uploads\/pictures\/D10.jpg\" alt=\"\" class=\"wp-image-1702\"\/><\/figure>\n\n\n\n<h4 class=\"wp-block-heading\">21.03.18 \/ 8pm: <strong>Trabajo en progreso: Factotum<\/strong> nos cuenta sobre la gestaci\u00f3n y gesti\u00f3n de su proyecto<\/h4>\n\n\n\n<figure class=\"wp-block-image size-large\"><img decoding=\"async\" src=\"http:\/\/www.pausal.co.uk\/wp-content\/uploads\/pictures\/67_29468242_1830755393644121_5175706294878732288_o-600x600.jpg\" alt=\"\" class=\"wp-image-1703\"\/><\/figure>\n\n\n\n<h4 class=\"wp-block-heading\">22.03.18 \/ 8pm: Inauguraci\u00f3n y subasta <strong>Econom\u00eda Personal de Bel\u00e9n Charpentier<\/strong><\/h4>\n\n\n\n<figure class=\"wp-block-image size-large\"><img decoding=\"async\" src=\"http:\/\/www.pausal.co.uk\/wp-content\/uploads\/pictures\/IMG_7895_1340_c-400x600.jpg\" alt=\"\" class=\"wp-image-1700\"\/><\/figure>\n\n\n\n<h4 class=\"wp-block-heading\">23.03.18 \/ 8pm: Lectura de diario y proyecci\u00f3n de subasta <strong>Econom\u00eda Personal de Bel\u00e9n Charpentier<\/strong><\/h4>\n\n\n\n<figure class=\"wp-block-image size-large\"><img decoding=\"async\" src=\"http:\/\/www.pausal.co.uk\/wp-content\/uploads\/pictures\/010_1340_c-1006x600.jpg\" alt=\"\" class=\"wp-image-1699\"\/><\/figure>\n\n\n\n<h4 class=\"wp-block-heading\">24.03.18 \/ 4 -6 pm: <strong>encuentro-taller de dibujo accionado por Cotelito<\/strong><br><\/h4>\n\n\n\n<figure class=\"wp-block-image size-large\"><img decoding=\"async\" src=\"http:\/\/www.pausal.co.uk\/wp-content\/uploads\/pictures\/67_28828544_1833965716656422_6797550694533363991_o-600x600.jpg\" alt=\"\" class=\"wp-image-1704\"\/><\/figure>\n\n\n\n<h4 class=\"wp-block-heading\">25.03.18 \/ 8pm: Lectura de diario y cierre <strong>Econom\u00eda Personal de Bel\u00e9n Charpentier<\/strong><\/h4>\n\n\n\n<figure class=\"wp-block-embed is-type-video is-provider-vimeo wp-block-embed-vimeo\"><div class=\"wp-block-embed__wrapper\">\n<iframe loading=\"lazy\" title=\"Econom&amp;iacute;a Personal\" src=\"https:\/\/player.vimeo.com\/video\/266152549?h=43a80bcd1a&amp;dnt=1&amp;app_id=122963\" width=\"640\" height=\"360\" frameborder=\"0\" allow=\"autoplay; fullscreen; picture-in-picture\" allowfullscreen><\/iframe>\n<\/div><\/figure>\n\n\n\n<p><a href=\"https:\/\/vimeo.com\/266152549\">Econom\u00eda Personal<\/a> from <a href=\"https:\/\/vimeo.com\/bcharpentier\">bcharpentier<\/a> on <a href=\"https:\/\/vimeo.com\">Vimeo<\/a>.<\/p>\n\n\n\n<h4 class=\"wp-block-heading\">28.03.18 \/ 8 to 10pm: obra de recorrido <strong>CHACARITA por la Compa\u00f1\u00eda de Funciones Patri\u00f3ticas<\/strong><\/h4>\n\n\n\n<figure class=\"wp-block-image size-large\"><img decoding=\"async\" src=\"http:\/\/www.pausal.co.uk\/wp-content\/uploads\/pictures\/3YGY6OWPTNBVTPF6JLIV4IELPM-900x600.jpg\" alt=\"\" class=\"wp-image-1706\"\/><\/figure>\n\n\n\n<h4 class=\"wp-block-heading\">12.04.18 &#8211; 26.03.18: <strong><a href=\"http:\/\/luciaseijo.com\/index.php\/proyectos\/cuento-de-3-nudos\/\">Cuento de 3 nudos<\/a>, una obra recorrido de Luc\u00eda Seijo<\/strong> que activan por las calles de Chacarita: Ramiro Ravasi; Lorena Fern\u00e1ndez; Ariana Beilis; Roma Vaquero D\u00edaz; Johanna Borchardt y Mar\u00eda Priede.<\/h4>\n\n\n\n<figure class=\"wp-block-image size-large\"><img decoding=\"async\" src=\"http:\/\/www.pausal.co.uk\/wp-content\/uploads\/pictures\/67_29064029_10215536564428273_4922466830006436596_o-600x600.jpg\" alt=\"\" class=\"wp-image-1708\"\/><\/figure>\n\n\n\n<h4 class=\"wp-block-heading\"><\/h4>\n","protected":false},"excerpt":{"rendered":"<p>________ Marzo 2018, Buenos Aires, ArgentinaCo-curadur\u00eda con Luc\u00eda Seijo El proyecto visibiliza las experiencias de artistas en las ciudades a trav\u00e9s de historias personales, recorridos err\u00e1ticos, mapas subjetivos y proyectos que tienen a la ciudad y a las vivencias de y en ella como principio.No organizado en forma de muestra&hellip; <\/p>\n","protected":false},"author":1,"featured_media":0,"parent":1490,"menu_order":0,"comment_status":"closed","ping_status":"closed","template":"","meta":{"footnotes":""},"_links":{"self":[{"href":"https:\/\/pausal.co.uk\/index.php\/wp-json\/wp\/v2\/pages\/1561"}],"collection":[{"href":"https:\/\/pausal.co.uk\/index.php\/wp-json\/wp\/v2\/pages"}],"about":[{"href":"https:\/\/pausal.co.uk\/index.php\/wp-json\/wp\/v2\/types\/page"}],"author":[{"embeddable":true,"href":"https:\/\/pausal.co.uk\/index.php\/wp-json\/wp\/v2\/users\/1"}],"replies":[{"embeddable":true,"href":"https:\/\/pausal.co.uk\/index.php\/wp-json\/wp\/v2\/comments?post=1561"}],"version-history":[{"count":0,"href":"https:\/\/pausal.co.uk\/index.php\/wp-json\/wp\/v2\/pages\/1561\/revisions"}],"up":[{"embeddable":true,"href":"https:\/\/pausal.co.uk\/index.php\/wp-json\/wp\/v2\/pages\/1490"}],"wp:attachment":[{"href":"https:\/\/pausal.co.uk\/index.php\/wp-json\/wp\/v2\/media?parent=1561"}],"curies":[{"name":"wp","href":"https:\/\/api.w.org\/{rel}","templated":true}]}}