{"id":1693,"date":"2021-01-28T12:45:08","date_gmt":"2021-01-28T12:45:08","guid":{"rendered":"http:\/\/www.pausal.co.uk\/?page_id=1693"},"modified":"2021-01-28T12:45:08","modified_gmt":"2021-01-28T12:45:08","slug":"camara-oscura-buenos-aires","status":"publish","type":"page","link":"https:\/\/pausal.co.uk\/index.php\/curating\/camara-oscura-buenos-aires\/","title":{"rendered":"C\u00c1MARA OSCURA Buenos Aires"},"content":{"rendered":"\n<p>C\u00c1MARA OSCURA Buenos Aires fue pensado como un proyecto para acercar una c\u00e1mara oscura m\u00f3vil con capacidad para tres personas a distintos puntos de la Ciudad de Buenos Aires. Sin embargo, debido a la emergencia Covid-19, tuvimos que repensar nuestro proyecto y transformarlo en c\u00e1maras oscuras individuales que se instalar\u00edan en distintas zonas de nuestra ciudad. <br>Para este proyecto hemos recibido el apoyo del programa del Ministerio de Cultura de la Ciudad de Buenos Aires Mecenazgo 2020 y del Fondo Metropolitano de las Artes 2020. <\/p>\n\n\n\n<p>C\u00c1MARA OSCURA Buenos Aires fue creado y llevado a cabo por Jimena Salvatierra y Paula Salischiker.<\/p>\n\n\n\n<p><a href=\"http:\/\/www.instagram.com\/camaraoscuraba\" data-type=\"URL\" data-id=\"www.instagram.com\/camaraoscuraba\">www.instagram.com\/camaraoscuraba<\/a><\/p>\n\n\n\n<div class=\"wp-block-columns is-layout-flex wp-container-core-columns-layout-2 wp-block-columns-is-layout-flex\">\n<div class=\"wp-block-column is-layout-flow wp-block-column-is-layout-flow\" style=\"flex-basis:100%\">\n<figure class=\"wp-block-gallery columns-3 is-cropped wp-block-gallery-1 is-layout-flex wp-block-gallery-is-layout-flex\"><ul class=\"blocks-gallery-grid\"><li class=\"blocks-gallery-item\"><figure><img decoding=\"async\" src=\"http:\/\/www.pausal.co.uk\/wp-content\/uploads\/pictures\/CAMARA3-600x600.png\" alt=\"\" data-id=\"1733\" data-full-url=\"http:\/\/www.pausal.co.uk\/wp-content\/uploads\/pictures\/CAMARA3.png\" data-link=\"http:\/\/www.pausal.co.uk\/curating\/camara-oscura-buenos-aires\/camara3\" class=\"wp-image-1733\"\/><\/figure><\/li><li class=\"blocks-gallery-item\"><figure><img decoding=\"async\" src=\"http:\/\/www.pausal.co.uk\/wp-content\/uploads\/pictures\/CAMARA2-1-600x600.png\" alt=\"\" data-id=\"1734\" data-full-url=\"http:\/\/www.pausal.co.uk\/wp-content\/uploads\/pictures\/CAMARA2-1.png\" data-link=\"http:\/\/www.pausal.co.uk\/curating\/camara-oscura-buenos-aires\/camara2-1\" class=\"wp-image-1734\"\/><\/figure><\/li><li class=\"blocks-gallery-item\"><figure><img decoding=\"async\" src=\"http:\/\/www.pausal.co.uk\/wp-content\/uploads\/pictures\/CAMARA1-1-600x600.png\" alt=\"\" data-id=\"1735\" data-full-url=\"http:\/\/www.pausal.co.uk\/wp-content\/uploads\/pictures\/CAMARA1-1.png\" data-link=\"http:\/\/www.pausal.co.uk\/curating\/camara-oscura-buenos-aires\/camara1-1\" class=\"wp-image-1735\"\/><\/figure><\/li><\/ul><\/figure>\n\n\n\n<div class=\"wp-block-group\"><div class=\"wp-block-group__inner-container is-layout-flow wp-block-group-is-layout-flow\">\n<div class=\"wp-block-columns is-layout-flex wp-container-core-columns-layout-1 wp-block-columns-is-layout-flex\">\n<div class=\"wp-block-column is-layout-flow wp-block-column-is-layout-flow\" style=\"flex-basis:100%\"><\/div>\n<\/div>\n<\/div><\/div>\n<\/div>\n<\/div>\n\n\n\n<div class=\"wp-block-columns is-layout-flex wp-container-core-columns-layout-5 wp-block-columns-is-layout-flex\">\n<div class=\"wp-block-column is-layout-flow wp-block-column-is-layout-flow\" style=\"flex-basis:100%\">\n<div class=\"wp-block-columns is-layout-flex wp-container-core-columns-layout-4 wp-block-columns-is-layout-flex\">\n<div class=\"wp-block-column is-layout-flow wp-block-column-is-layout-flow\" style=\"flex-basis:100%\">\n<div class=\"wp-block-columns is-layout-flex wp-container-core-columns-layout-3 wp-block-columns-is-layout-flex\">\n<div class=\"wp-block-column is-layout-flow wp-block-column-is-layout-flow\" style=\"flex-basis:100%\">\n<figure class=\"wp-block-gallery columns-1 is-cropped wp-block-gallery-2 is-layout-flex wp-block-gallery-is-layout-flex\"><ul class=\"blocks-gallery-grid\"><li class=\"blocks-gallery-item\"><figure><img decoding=\"async\" src=\"http:\/\/www.pausal.co.uk\/wp-content\/uploads\/pictures\/12-1024x160.png\" alt=\"\" data-id=\"1743\" data-full-url=\"http:\/\/www.pausal.co.uk\/wp-content\/uploads\/pictures\/12.png\" data-link=\"http:\/\/www.pausal.co.uk\/curating\/camara-oscura-buenos-aires\/12-3\" class=\"wp-image-1743\"\/><\/figure><\/li><\/ul><\/figure>\n\n\n\n<p><\/p>\n<\/div>\n<\/div>\n<\/div>\n<\/div>\n<\/div>\n<\/div>\n\n\n\n<p><\/p>\n","protected":false},"excerpt":{"rendered":"<p>C\u00c1MARA OSCURA Buenos Aires fue pensado como un proyecto para acercar una c\u00e1mara oscura m\u00f3vil con capacidad para tres personas a distintos puntos de la Ciudad de Buenos Aires. Sin embargo, debido a la emergencia Covid-19, tuvimos que repensar nuestro proyecto y transformarlo en c\u00e1maras oscuras individuales que se instalar\u00edan&hellip; <\/p>\n","protected":false},"author":1,"featured_media":0,"parent":1490,"menu_order":0,"comment_status":"closed","ping_status":"closed","template":"","meta":{"footnotes":""},"_links":{"self":[{"href":"https:\/\/pausal.co.uk\/index.php\/wp-json\/wp\/v2\/pages\/1693"}],"collection":[{"href":"https:\/\/pausal.co.uk\/index.php\/wp-json\/wp\/v2\/pages"}],"about":[{"href":"https:\/\/pausal.co.uk\/index.php\/wp-json\/wp\/v2\/types\/page"}],"author":[{"embeddable":true,"href":"https:\/\/pausal.co.uk\/index.php\/wp-json\/wp\/v2\/users\/1"}],"replies":[{"embeddable":true,"href":"https:\/\/pausal.co.uk\/index.php\/wp-json\/wp\/v2\/comments?post=1693"}],"version-history":[{"count":0,"href":"https:\/\/pausal.co.uk\/index.php\/wp-json\/wp\/v2\/pages\/1693\/revisions"}],"up":[{"embeddable":true,"href":"https:\/\/pausal.co.uk\/index.php\/wp-json\/wp\/v2\/pages\/1490"}],"wp:attachment":[{"href":"https:\/\/pausal.co.uk\/index.php\/wp-json\/wp\/v2\/media?parent=1693"}],"curies":[{"name":"wp","href":"https:\/\/api.w.org\/{rel}","templated":true}]}}