{"id":1745,"date":"2022-12-04T15:43:11","date_gmt":"2022-12-04T15:43:11","guid":{"rendered":"http:\/\/www.pausal.co.uk\/?page_id=1745"},"modified":"2024-04-10T15:20:44","modified_gmt":"2024-04-10T15:20:44","slug":"las-cartas-posibles-possible-letters-2021","status":"publish","type":"page","link":"https:\/\/pausal.co.uk\/","title":{"rendered":"las cartas posibles \/ possible letters (2021)"},"content":{"rendered":"\n<p><\/p>\n\n\n\n<p><em>Possible Letters<\/em> is an approach to my own family archive of correspondence between my father and his family during the nearly six years (1976-1981) in which he was imprisoned during the last Argentine military dictatorship. From the prisons of Devoto, La Plata and Rawson (Chubut) my father sent and received numerous letters, of which more than two hundred remain. In order to be able to think about how to work with them, I decided to organize the material by summing up the content. That list which started as a sketch of the future project, finally became the work itself. A careful map that tries to organize data, procedures, sensations and all the missing moments within the life of a young man. If a family is a constellation, this work aims to be, then, one of the many possible photos facing that immensity. <br><\/p>\n\n\n\n<p><em>Possible letters<\/em> was part of the exhibition &#8220;In full light of day &#8211; Crossroads of presents at the Haroldo Conti Cultural Center of Memory&#8221; during 2021. This exhibition was the culmination of an art clinic and scholarship thanks to FNA &#8211; CONTI Training Program and Production in Arts, Human Rights and Memories by tutors and artists Karina Granieri and Julia Masvernat.<br><\/p>\n\n\n\n<p>\/<\/p>\n\n\n\n<p><em>Las cartas posibles<\/em> es un acercamiento al archivo familiar de correspondencia entre mi pap\u00e1 y su familia durante los casi seis a\u00f1os (1976-1981) en los que \u00e9l estuvo preso durante la \u00faltima dictadura militar argentina. Desde las c\u00e1rceles de Devoto, La Plata y Rawson (Chubut) mi pap\u00e1 envi\u00f3 y recibi\u00f3 numerosas cartas, de las cuales se conservan m\u00e1s de doscientas. Para poder pensar una obra con ellas me propuse organizar y relevar el material (cartas y algunas pocas fotograf\u00edas). Ese listado se convirti\u00f3, finalmente, en la obra. Un mapa cuidadoso que intenta ordenar datos, tr\u00e1mites, sensaciones y faltas. Si una familia es una constelaci\u00f3n esta obra pretende ser, entonces, una de las tantas fotos posibles ante esa inmensidad. <br><br><em>Las cartas posibles<\/em> form\u00f3 parte de la exhibici\u00f3n <em>A plena luz del d\u00eda &#8211; Encrucijada de presentes<\/em> en el <a href=\"http:\/\/conti.derhuman.jus.gov.ar\/2022\/04\/fna.php\" data-type=\"URL\" data-id=\"http:\/\/conti.derhuman.jus.gov.ar\/2022\/04\/fna.php\" target=\"_blank\" rel=\"noreferrer noopener\">Centro Cultural de la Memoria Harold Conti<\/a> durante el 2021. Esta muestra fue el proceso de trabajo de la cl\u00ednica de arte y beca FNA &#8211; CONTI Programa de Capacitaci\u00f3n y Producci\u00f3n en Artes, Derechos Humanos y Memorias a cargo de Karina Granieri y Julia Masvernat.<\/p>\n\n\n\n<figure class=\"wp-block-gallery has-nested-images columns-3 is-cropped wp-block-gallery-1 is-layout-flex wp-block-gallery-is-layout-flex\">\n<figure class=\"wp-block-image size-large\"><a href=\"http:\/\/www.pausal.co.uk\/wp-content\/uploads\/pictures\/conti_img_3932-900x600.jpg\"><img decoding=\"async\" data-id=\"1772\" src=\"http:\/\/www.pausal.co.uk\/wp-content\/uploads\/pictures\/conti_img_3932-900x600.jpg\" alt=\"Las cartas posibles (2021)\" class=\"wp-image-1772\"\/><\/a><\/figure>\n\n\n\n<figure class=\"wp-block-image size-large\"><a href=\"http:\/\/www.pausal.co.uk\/wp-content\/uploads\/pictures\/conti_img_3920-900x600.jpg\"><img decoding=\"async\" data-id=\"1766\" src=\"http:\/\/www.pausal.co.uk\/wp-content\/uploads\/pictures\/conti_img_3920-900x600.jpg\" alt=\"Las cartas posibles (2021)\" class=\"wp-image-1766\"\/><\/a><\/figure>\n\n\n\n<figure class=\"wp-block-image size-large\"><a href=\"http:\/\/www.pausal.co.uk\/wp-content\/uploads\/pictures\/CONTI_img_2548-749x600.jpg\"><img decoding=\"async\" data-id=\"1753\" src=\"http:\/\/www.pausal.co.uk\/wp-content\/uploads\/pictures\/CONTI_img_2548-749x600.jpg\" alt=\"Las cartas posibles (2021)\" class=\"wp-image-1753\"\/><\/a><\/figure>\n\n\n\n<figure class=\"wp-block-image size-large\"><a href=\"http:\/\/www.pausal.co.uk\/wp-content\/uploads\/pictures\/CONTI_img_2560-854x600.jpg\"><img decoding=\"async\" data-id=\"1750\" src=\"http:\/\/www.pausal.co.uk\/wp-content\/uploads\/pictures\/CONTI_img_2560-854x600.jpg\" alt=\"Las cartas posibles (2021)\" class=\"wp-image-1750\"\/><\/a><\/figure>\n\n\n\n<figure class=\"wp-block-image size-large\"><a href=\"http:\/\/www.pausal.co.uk\/wp-content\/uploads\/pictures\/conti_img_3924-900x600.jpg\"><img decoding=\"async\" data-id=\"1769\" src=\"http:\/\/www.pausal.co.uk\/wp-content\/uploads\/pictures\/conti_img_3924-900x600.jpg\" alt=\"Las cartas posibles (2021)\" class=\"wp-image-1769\"\/><\/a><\/figure>\n\n\n\n<figure class=\"wp-block-image size-large\"><a href=\"http:\/\/www.pausal.co.uk\/wp-content\/uploads\/pictures\/conti_img_3926-900x600.jpg\"><img decoding=\"async\" data-id=\"1770\" src=\"http:\/\/www.pausal.co.uk\/wp-content\/uploads\/pictures\/conti_img_3926-900x600.jpg\" alt=\"Las cartas posibles (2021)\" class=\"wp-image-1770\"\/><\/a><\/figure>\n\n\n\n<figure class=\"wp-block-image size-large\"><a href=\"http:\/\/www.pausal.co.uk\/wp-content\/uploads\/pictures\/conti_img_3921-900x600.jpg\"><img decoding=\"async\" data-id=\"1767\" src=\"http:\/\/www.pausal.co.uk\/wp-content\/uploads\/pictures\/conti_img_3921-900x600.jpg\" alt=\"Las cartas posibles (2021)\" class=\"wp-image-1767\"\/><\/a><\/figure>\n\n\n\n<figure class=\"wp-block-image size-large\"><a href=\"http:\/\/www.pausal.co.uk\/wp-content\/uploads\/pictures\/CONTI_img_2577-756x600.jpg\"><img decoding=\"async\" data-id=\"1752\" src=\"http:\/\/www.pausal.co.uk\/wp-content\/uploads\/pictures\/CONTI_img_2577-756x600.jpg\" alt=\"Las cartas posibles (2021)\" class=\"wp-image-1752\"\/><\/a><\/figure>\n\n\n\n<figure class=\"wp-block-image size-large\"><a href=\"http:\/\/www.pausal.co.uk\/wp-content\/uploads\/pictures\/conti_img_3918-400x600.jpg\"><img decoding=\"async\" data-id=\"1763\" src=\"http:\/\/www.pausal.co.uk\/wp-content\/uploads\/pictures\/conti_img_3918-400x600.jpg\" alt=\"Las cartas posibles (2021)\" class=\"wp-image-1763\"\/><\/a><\/figure>\n\n\n\n<figure class=\"wp-block-image size-large\"><a href=\"http:\/\/www.pausal.co.uk\/wp-content\/uploads\/pictures\/CONTI_img_2571-792x600.jpg\"><img decoding=\"async\" data-id=\"1751\" src=\"http:\/\/www.pausal.co.uk\/wp-content\/uploads\/pictures\/CONTI_img_2571-792x600.jpg\" alt=\"Las cartas posibles (2021)\" class=\"wp-image-1751\"\/><\/a><\/figure>\n\n\n\n<figure class=\"wp-block-image size-large\"><a href=\"http:\/\/www.pausal.co.uk\/wp-content\/uploads\/pictures\/conti_img_3992-400x600.jpg\"><img decoding=\"async\" data-id=\"1773\" src=\"http:\/\/www.pausal.co.uk\/wp-content\/uploads\/pictures\/conti_img_3992-400x600.jpg\" alt=\"Las cartas posibles (2021)\" class=\"wp-image-1773\"\/><\/a><\/figure>\n<\/figure>\n\n\n\n<p><\/p>\n","protected":false},"excerpt":{"rendered":"<p>Possible Letters is an approach to my own family archive of correspondence between my father and his family during the nearly six years (1976-1981) in which he was imprisoned during the last Argentine military dictatorship. From the prisons of Devoto, La Plata and Rawson (Chubut) my father sent and received&hellip; <\/p>\n","protected":false},"author":1,"featured_media":0,"parent":10,"menu_order":0,"comment_status":"closed","ping_status":"closed","template":"","meta":{"footnotes":""},"_links":{"self":[{"href":"https:\/\/pausal.co.uk\/index.php\/wp-json\/wp\/v2\/pages\/1745"}],"collection":[{"href":"https:\/\/pausal.co.uk\/index.php\/wp-json\/wp\/v2\/pages"}],"about":[{"href":"https:\/\/pausal.co.uk\/index.php\/wp-json\/wp\/v2\/types\/page"}],"author":[{"embeddable":true,"href":"https:\/\/pausal.co.uk\/index.php\/wp-json\/wp\/v2\/users\/1"}],"replies":[{"embeddable":true,"href":"https:\/\/pausal.co.uk\/index.php\/wp-json\/wp\/v2\/comments?post=1745"}],"version-history":[{"count":2,"href":"https:\/\/pausal.co.uk\/index.php\/wp-json\/wp\/v2\/pages\/1745\/revisions"}],"predecessor-version":[{"id":1820,"href":"https:\/\/pausal.co.uk\/index.php\/wp-json\/wp\/v2\/pages\/1745\/revisions\/1820"}],"up":[{"embeddable":true,"href":"https:\/\/pausal.co.uk\/index.php\/wp-json\/wp\/v2\/pages\/10"}],"wp:attachment":[{"href":"https:\/\/pausal.co.uk\/index.php\/wp-json\/wp\/v2\/media?parent=1745"}],"curies":[{"name":"wp","href":"https:\/\/api.w.org\/{rel}","templated":true}]}}