{"id":1788,"date":"2022-12-04T16:24:28","date_gmt":"2022-12-04T16:24:28","guid":{"rendered":"http:\/\/www.pausal.co.uk\/?page_id=1788"},"modified":"2024-04-10T15:36:09","modified_gmt":"2024-04-10T15:36:09","slug":"las-orillas","status":"publish","type":"page","link":"https:\/\/pausal.co.uk\/index.php\/projects\/las-orillas\/","title":{"rendered":"las orillas \/ shores"},"content":{"rendered":"\n<h5 class=\"wp-block-heading\">Participatory tour number 1: Arroyo Maldonado<br><br><em>Las Orillas<\/em> (Shores) is a participatory tour that follows the path of the Maldonado Stream of the Autonomous City of Buenos Aires, transforming the ordinary custom of walking the city by generating an itinerary that crosses the invisible basin of this stream. <br>The proposal is to do your own walk listening to an audio guide that encourages assessment, reflection and territorial connection. The flow of a watercourse beneath the urban structure works as an excuse to (re)know the city and (re)think the natural landscape within the city. To take the tour you must have a charged cell phone, download Spotify and use headphones. Below you will find the link to our audio guide. Las Orillas (Shores) was created by Julieta Anaut, Paula Salischiker and Luc\u00eda Seijo. For more information visit <a href=\"http:\/\/www.lasorillas.com.ar\">www.lasorillas.com.ar<\/a><\/h5>\n\n\n\n<p><\/p>\n\n\n\n<p>\/<\/p>\n\n\n\n<figure class=\"wp-block-embed is-type-rich is-provider-spotify wp-block-embed-spotify wp-embed-aspect-21-9 wp-has-aspect-ratio\"><div class=\"wp-block-embed__wrapper\">\n<iframe title=\"Spotify Embed: Recorrido Las orillas\" style=\"border-radius: 12px\" width=\"100%\" height=\"152\" frameborder=\"0\" allowfullscreen allow=\"autoplay; clipboard-write; encrypted-media; fullscreen; picture-in-picture\" loading=\"lazy\" src=\"https:\/\/open.spotify.com\/embed\/episode\/4Mocgalxs9K70lbqa1uBIl?utm_source=oembed\"><\/iframe>\n<\/div><\/figure>\n\n\n\n<p><\/p>\n\n\n\n<h2 class=\"wp-block-heading\"><\/h2>\n\n\n\n<h2 class=\"wp-block-heading\">Recorrido participativo n\u00famero 1: Arroyo Maldonado<br><\/h2>\n\n\n\n<h2 class=\"wp-block-heading\">Las orillas es un recorrido participativo que sigue el camino del Arroyo Maldonado de la Ciudad Aut\u00f3noma de Buenos Aires, transformando la costumbre ordinaria de caminar la ciudad al generar un itinerario que atraviesa la cuenca invisible de este arroyo.<\/h2>\n\n\n\n<h2 class=\"wp-block-heading\">La propuesta es hacer tu propia caminata escuchando una audiogu\u00eda que propicia la valoraci\u00f3n, la reflexi\u00f3n y la vinculaci\u00f3n territorial. El fluir de un curso de agua debajo de la estructura urbana funciona como una excusa para (re)conocer la ciudad y (re)pensar el paisaje natural en la ciudad.<\/h2>\n\n\n\n<h2 class=\"wp-block-heading\">Para hacer el recorrido ten\u00e9s que tener un celular cargado, la aplicaci\u00f3n Spotify descargada y auriculares. Aqu\u00ed abajo encontrar\u00e1s el link a la audiogu\u00eda.<\/h2>\n\n\n\n<h2 class=\"wp-block-heading\">Las orillas somos Julieta Anaut, Paula Salischiker y Luc\u00eda Seijo. Para m\u00e1s informaci\u00f3n visit\u00e1 <a href=\"http:\/\/www.lasorillas.com.ar\" data-type=\"URL\" data-id=\"www.lasorillas.com.ar\" target=\"_blank\" rel=\"noreferrer noopener\">www.lasorillas.com.ar<\/a> <\/h2>\n\n\n\n<p><\/p>\n\n\n\n<p><\/p>\n\n\n\n<p><\/p>\n\n\n\n<p><\/p>\n\n\n\n<p><\/p>\n\n\n\n<p><\/p>\n\n\n\n<p> <br><br><\/p>\n\n\n\n<p><\/p>\n\n\n\n<p><\/p>\n\n\n\n<figure class=\"wp-block-gallery has-nested-images columns-default is-cropped wp-block-gallery-1 is-layout-flex wp-block-gallery-is-layout-flex\">\n<figure class=\"wp-block-image size-large\"><img decoding=\"async\" data-id=\"1791\" src=\"http:\/\/www.pausal.co.uk\/wp-content\/uploads\/pictures\/recorrido-las-orillas-registro_10_baja-900x600.jpg\" alt=\"\" class=\"wp-image-1791\"\/><\/figure>\n\n\n\n<figure class=\"wp-block-image size-large\"><img decoding=\"async\" data-id=\"1792\" src=\"http:\/\/www.pausal.co.uk\/wp-content\/uploads\/pictures\/recorrido-las-orillas-registro_04_baja-900x600.jpg\" alt=\"\" class=\"wp-image-1792\"\/><\/figure>\n\n\n\n<figure class=\"wp-block-image size-large\"><img decoding=\"async\" data-id=\"1794\" src=\"http:\/\/www.pausal.co.uk\/wp-content\/uploads\/pictures\/recorrido-las-orillas-registro_17_baja-900x600.jpg\" alt=\"\" class=\"wp-image-1794\"\/><\/figure>\n\n\n\n<figure class=\"wp-block-image size-large\"><img decoding=\"async\" data-id=\"1795\" src=\"http:\/\/www.pausal.co.uk\/wp-content\/uploads\/pictures\/recorrido-las-orillas-registro_06_baja-900x600.jpg\" alt=\"\" class=\"wp-image-1795\"\/><\/figure>\n<\/figure>\n","protected":false},"excerpt":{"rendered":"<p>Participatory tour number 1: Arroyo Maldonado Las Orillas (Shores) is a participatory tour that follows the path of the Maldonado Stream of the Autonomous City of Buenos Aires, transforming the ordinary custom of walking the city by generating an itinerary that crosses the invisible basin of this stream. The proposal&hellip; <\/p>\n","protected":false},"author":1,"featured_media":0,"parent":10,"menu_order":0,"comment_status":"closed","ping_status":"closed","template":"","meta":{"footnotes":""},"_links":{"self":[{"href":"https:\/\/pausal.co.uk\/index.php\/wp-json\/wp\/v2\/pages\/1788"}],"collection":[{"href":"https:\/\/pausal.co.uk\/index.php\/wp-json\/wp\/v2\/pages"}],"about":[{"href":"https:\/\/pausal.co.uk\/index.php\/wp-json\/wp\/v2\/types\/page"}],"author":[{"embeddable":true,"href":"https:\/\/pausal.co.uk\/index.php\/wp-json\/wp\/v2\/users\/1"}],"replies":[{"embeddable":true,"href":"https:\/\/pausal.co.uk\/index.php\/wp-json\/wp\/v2\/comments?post=1788"}],"version-history":[{"count":7,"href":"https:\/\/pausal.co.uk\/index.php\/wp-json\/wp\/v2\/pages\/1788\/revisions"}],"predecessor-version":[{"id":1828,"href":"https:\/\/pausal.co.uk\/index.php\/wp-json\/wp\/v2\/pages\/1788\/revisions\/1828"}],"up":[{"embeddable":true,"href":"https:\/\/pausal.co.uk\/index.php\/wp-json\/wp\/v2\/pages\/10"}],"wp:attachment":[{"href":"https:\/\/pausal.co.uk\/index.php\/wp-json\/wp\/v2\/media?parent=1788"}],"curies":[{"name":"wp","href":"https:\/\/api.w.org\/{rel}","templated":true}]}}