{"id":435,"date":"2011-07-27T13:29:35","date_gmt":"2011-07-27T13:29:35","guid":{"rendered":"http:\/\/www.pausal.co.uk\/?p=435"},"modified":"2011-07-27T13:29:35","modified_gmt":"2011-07-27T13:29:35","slug":"las-lloronas-the-weeping-women","status":"publish","type":"page","link":"https:\/\/pausal.co.uk\/index.php\/projects\/las-lloronas-the-weeping-women\/","title":{"rendered":"las lloronas \/ the weeping women"},"content":{"rendered":"\n<p>________<\/p>\n\n\n\n<h4 class=\"wp-block-heading\">En la infancia me gustaba llorar frente al espejo. Durante los veranos de 2011 y 2012 reclut\u00e9 mujeres para que lloraran frente a mi c\u00e1mara en un estudio en Londres. La idea de este proyecto\/experimento visual naci\u00f3 de mi curiosidad por explorar c\u00f3mo este acto personal generalmente privado muta una vez que se registra y se comparte a trav\u00e9s de una fotograf\u00eda. Cuando el elemento \u00edntimo del llanto es capturado por otra persona, en este caso un observador distante que el retratado ve, se produce una alteraci\u00f3n, un intercambio entre lo intimo y lo privado que me inquieta. <br>Tengo la intenci\u00f3n de continuar explorarando c\u00f3mo percibimos las emociones de los dem\u00e1s, incluso cuando son, en un comienzo, aparentemente ficticias.<\/h4>\n\n\n\n<h2 class=\"wp-block-heading\">\/<\/h2>\n\n\n\n<h4 class=\"wp-block-heading\">I liked crying in front of mirror during my childhood. During the summers of 2011 and 2012, I recruited women to cry in front of my camera in a London studio. The idea for this project\/ visual experiment was born out of my curiosity to explore how this usually very private personal act mutates once it is recorded and shared through a photograph. When the intimate element of crying is captured by someone else, in this case a distant observer of whom the crier is aware of, there is an alteration, an exchange between public\/private that unsettles me.<br>I intend to continue exploring how we perceive the suffering of others, even when they are, to start with, apparently fictional.<\/h4>\n\n\n\n\n\n<div class=\"wp-block-group\"><div class=\"wp-block-group__inner-container is-layout-flow wp-block-group-is-layout-flow\">\n<figure class=\"wp-block-gallery columns-3 wp-block-gallery-1 is-layout-flex wp-block-gallery-is-layout-flex\"><ul class=\"blocks-gallery-grid\"><li class=\"blocks-gallery-item\"><figure><a href=\"http:\/\/www.pausal.co.uk\/wp-content\/uploads\/pictures\/steff.jpg\"><img decoding=\"async\" src=\"http:\/\/www.pausal.co.uk\/wp-content\/uploads\/pictures\/steff-448x600.jpg\" alt=\"\" data-id=\"970\" data-full-url=\"http:\/\/www.pausal.co.uk\/wp-content\/uploads\/pictures\/steff.jpg\" data-link=\"http:\/\/www.pausal.co.uk\/projects\/las-lloronas-the-weeping-women\/steff\" class=\"wp-image-970\"\/><\/a><\/figure><\/li><li class=\"blocks-gallery-item\"><figure><a href=\"http:\/\/www.pausal.co.uk\/wp-content\/uploads\/pictures\/clare.jpg\"><img decoding=\"async\" src=\"http:\/\/www.pausal.co.uk\/wp-content\/uploads\/pictures\/clare-448x600.jpg\" alt=\"\" data-id=\"969\" data-full-url=\"http:\/\/www.pausal.co.uk\/wp-content\/uploads\/pictures\/clare.jpg\" data-link=\"http:\/\/www.pausal.co.uk\/projects\/las-lloronas-the-weeping-women\/clare\" class=\"wp-image-969\"\/><\/a><\/figure><\/li><li class=\"blocks-gallery-item\"><figure><a href=\"http:\/\/www.pausal.co.uk\/wp-content\/uploads\/pictures\/yasmine.jpg\"><img decoding=\"async\" src=\"http:\/\/www.pausal.co.uk\/wp-content\/uploads\/pictures\/yasmine-448x600.jpg\" alt=\"\" data-id=\"968\" data-full-url=\"http:\/\/www.pausal.co.uk\/wp-content\/uploads\/pictures\/yasmine.jpg\" data-link=\"http:\/\/www.pausal.co.uk\/projects\/las-lloronas-the-weeping-women\/yasmine\" class=\"wp-image-968\"\/><\/a><\/figure><\/li><li class=\"blocks-gallery-item\"><figure><a href=\"http:\/\/www.pausal.co.uk\/wp-content\/uploads\/pictures\/sarah.jpg\"><img decoding=\"async\" src=\"http:\/\/www.pausal.co.uk\/wp-content\/uploads\/pictures\/sarah-448x600.jpg\" alt=\"\" data-id=\"966\" data-full-url=\"http:\/\/www.pausal.co.uk\/wp-content\/uploads\/pictures\/sarah.jpg\" data-link=\"http:\/\/www.pausal.co.uk\/projects\/las-lloronas-the-weeping-women\/sarah\" class=\"wp-image-966\"\/><\/a><\/figure><\/li><li class=\"blocks-gallery-item\"><figure><a href=\"http:\/\/www.pausal.co.uk\/wp-content\/uploads\/pictures\/ria.jpg\"><img decoding=\"async\" src=\"http:\/\/www.pausal.co.uk\/wp-content\/uploads\/pictures\/ria-448x600.jpg\" alt=\"\" data-id=\"965\" data-full-url=\"http:\/\/www.pausal.co.uk\/wp-content\/uploads\/pictures\/ria.jpg\" data-link=\"http:\/\/www.pausal.co.uk\/projects\/las-lloronas-the-weeping-women\/ria\" class=\"wp-image-965\"\/><\/a><\/figure><\/li><li class=\"blocks-gallery-item\"><figure><a href=\"http:\/\/www.pausal.co.uk\/wp-content\/uploads\/pictures\/melissa.jpg\"><img decoding=\"async\" src=\"http:\/\/www.pausal.co.uk\/wp-content\/uploads\/pictures\/melissa-448x600.jpg\" alt=\"\" data-id=\"964\" data-full-url=\"http:\/\/www.pausal.co.uk\/wp-content\/uploads\/pictures\/melissa.jpg\" data-link=\"http:\/\/www.pausal.co.uk\/projects\/las-lloronas-the-weeping-women\/melissa\" class=\"wp-image-964\"\/><\/a><\/figure><\/li><li class=\"blocks-gallery-item\"><figure><a href=\"http:\/\/www.pausal.co.uk\/wp-content\/uploads\/pictures\/jandan.jpg\"><img decoding=\"async\" src=\"http:\/\/www.pausal.co.uk\/wp-content\/uploads\/pictures\/jandan-448x600.jpg\" alt=\"\" data-id=\"963\" data-full-url=\"http:\/\/www.pausal.co.uk\/wp-content\/uploads\/pictures\/jandan.jpg\" data-link=\"http:\/\/www.pausal.co.uk\/projects\/las-lloronas-the-weeping-women\/jandan\" class=\"wp-image-963\"\/><\/a><\/figure><\/li><li class=\"blocks-gallery-item\"><figure><a href=\"http:\/\/www.pausal.co.uk\/wp-content\/uploads\/pictures\/marta.jpg\"><img decoding=\"async\" src=\"http:\/\/www.pausal.co.uk\/wp-content\/uploads\/pictures\/marta-448x600.jpg\" alt=\"\" data-id=\"962\" data-full-url=\"http:\/\/www.pausal.co.uk\/wp-content\/uploads\/pictures\/marta.jpg\" data-link=\"http:\/\/www.pausal.co.uk\/projects\/las-lloronas-the-weeping-women\/marta\" class=\"wp-image-962\"\/><\/a><\/figure><\/li><li class=\"blocks-gallery-item\"><figure><a href=\"http:\/\/www.pausal.co.uk\/wp-content\/uploads\/pictures\/emilia.jpg\"><img decoding=\"async\" src=\"http:\/\/www.pausal.co.uk\/wp-content\/uploads\/pictures\/emilia-448x600.jpg\" alt=\"\" data-id=\"961\" data-full-url=\"http:\/\/www.pausal.co.uk\/wp-content\/uploads\/pictures\/emilia.jpg\" data-link=\"http:\/\/www.pausal.co.uk\/projects\/las-lloronas-the-weeping-women\/emilia\" class=\"wp-image-961\"\/><\/a><\/figure><\/li><\/ul><\/figure>\n<\/div><\/div>\n","protected":false},"excerpt":{"rendered":"<p>Since the summer of 2011, I have been recruiting women to cry in front of my camera. The idea for this project\/experiment was born out of my curiosity to explore how this very private personal act mutates once it is recorded and shared through a photograph. <\/p>\n","protected":false},"author":1,"featured_media":0,"parent":10,"menu_order":0,"comment_status":"closed","ping_status":"closed","template":"","meta":{"footnotes":""},"_links":{"self":[{"href":"https:\/\/pausal.co.uk\/index.php\/wp-json\/wp\/v2\/pages\/435"}],"collection":[{"href":"https:\/\/pausal.co.uk\/index.php\/wp-json\/wp\/v2\/pages"}],"about":[{"href":"https:\/\/pausal.co.uk\/index.php\/wp-json\/wp\/v2\/types\/page"}],"author":[{"embeddable":true,"href":"https:\/\/pausal.co.uk\/index.php\/wp-json\/wp\/v2\/users\/1"}],"replies":[{"embeddable":true,"href":"https:\/\/pausal.co.uk\/index.php\/wp-json\/wp\/v2\/comments?post=435"}],"version-history":[{"count":0,"href":"https:\/\/pausal.co.uk\/index.php\/wp-json\/wp\/v2\/pages\/435\/revisions"}],"up":[{"embeddable":true,"href":"https:\/\/pausal.co.uk\/index.php\/wp-json\/wp\/v2\/pages\/10"}],"wp:attachment":[{"href":"https:\/\/pausal.co.uk\/index.php\/wp-json\/wp\/v2\/media?parent=435"}],"curies":[{"name":"wp","href":"https:\/\/api.w.org\/{rel}","templated":true}]}}