{"id":6,"date":"2010-03-18T19:43:37","date_gmt":"2010-03-18T19:43:37","guid":{"rendered":"http:\/\/www.pausal.co.uk\/?p=1"},"modified":"2010-03-18T19:43:37","modified_gmt":"2010-03-18T19:43:37","slug":"the-germans","status":"publish","type":"page","link":"https:\/\/pausal.co.uk\/index.php\/projects\/the-germans\/","title":{"rendered":"los alemanes \/ the germans"},"content":{"rendered":"\n<p>________<\/p>\n\n\n\n<h4 class=\"wp-block-heading\">En el 2002 compr\u00e9 una gran selecci\u00f3n de fotograf\u00edas de \u00e1lbumes familiares en Berl\u00edn. Durante mucho tiempo me pregunt\u00e9 c\u00f3mo trabajar con estas im\u00e1genes en un proyecto personal, sin alterar la esencia de las mismas ni intervenir demasiado con mis ideas sobre ellas.<\/h4>\n\n\n\n<h4 class=\"wp-block-heading\">Observ\u00e1ndolas con atenci\u00f3n me di cuenta de que los personajes principales, una pareja de alemanes, a menudo se fotografiaban unos a otros en posiciones id\u00e9nticas dentro del mismo escenario, produciendo una serie de fotograf\u00edas casi identicas donde lo \u00fanico que cambia es el sujeto que posa.<\/h4>\n\n\n\n<h4 class=\"wp-block-heading\">La intenci\u00f3n de simultaneidad constante de estos personajes desconocidos me permiti\u00f3 crear una serie de cinco lenticulares. Haciendo posible su plan original de estar juntos en un encuadre, los lenticulares transforman dos fotograf\u00edas en una \u00fanica imagen en movimiento. La imagen que acompa\u00f1a a este proyecto es solo una aproximaci\u00f3n de c\u00f3mo se ven estos lenticulares en la vida real.<\/h4>\n\n\n\n<h4 class=\"wp-block-heading\">En una reconstrucci\u00f3n de un pasado, uno del cual no hay testigos conocidos, los momentos olvidados ganan un nuevo lugar en el presente. Mi idea es alterar la esencia fotogr\u00e1fica de la imagen fija dando a luz a un h\u00edbrido que reconstruye un momento pasado en movimiento, sin recurrir a lo cinematogr\u00e1fico. Cada una de mis composiciones es est\u00e1tica pero al mismo tiempo cambiante, actuando no solo como prueba del pasado sino como una interpretaci\u00f3n posible del mismo. La serie consta de cinco lenticulares.<\/h4>\n\n\n\n<hr class=\"wp-block-separator\"\/>\n\n\n<p><a href=\"http:\/\/www.pausal.co.uk\/wp-content\/uploads\/pictures\/germans_bed.gif\"><img loading=\"lazy\" decoding=\"async\" class=\"aligncenter wp-image-126\" title=\"German couple in bed (lenticular)\" src=\"http:\/\/www.pausal.co.uk\/wp-content\/uploads\/pictures\/germans_bed.gif\" alt=\"The germans\" width=\"500\" height=\"500\" \/><\/a><\/p>\n\n\n<hr class=\"wp-block-separator\"\/>\n\n\n\n<h4 class=\"wp-block-heading\">In 2002 I bought a large selection of family album photographs in Berlin. For a long time I wondered how to work with these images on a personal project, without altering the essence of them or intervening too much.<\/h4>\n\n\n\n<h4 class=\"wp-block-heading\">Carefully observing them I realised that the main characters, a German couple, often photographed one another identically positioned within the same setting, producing a series of \u201cdouble-take\u201d photographs.<\/h4>\n\n\n\n<h4 class=\"wp-block-heading\">The intention of simultaneity of these unknown characters allowed me to create a series of five lenticulars. Making possible their original plan of being together in a frame, the lenticulars transform two photographs into a single moving one. The image above is only an approximation of how the lenticulars look in real life for the purpose of illustration.<\/h4>\n\n\n\n<h4 class=\"wp-block-heading\">In a reconstruction of a past, one of which there are no known witnesses, forgotten moments gain a reprieve within the memory and minds of the present. My idea is to alter the photographic essence of fixed imagery by giving birth to a hybrid that reconstructs a bygone moment. Each of my compositions is static yet simultaneously in flux, acting not only as proof of the past, but as a possible interpretation of it. The series consists of five lenticulars.<\/h4>\n","protected":false},"excerpt":{"rendered":"<p>In 2002 I bought a large selection of family images in Berlin. For a long time I wondered how to work with these images on a personal project, without altering the essence of them or intervening too much. <\/p>\n","protected":false},"author":1,"featured_media":0,"parent":10,"menu_order":0,"comment_status":"closed","ping_status":"closed","template":"full-width-page.php","meta":{"footnotes":""},"_links":{"self":[{"href":"https:\/\/pausal.co.uk\/index.php\/wp-json\/wp\/v2\/pages\/6"}],"collection":[{"href":"https:\/\/pausal.co.uk\/index.php\/wp-json\/wp\/v2\/pages"}],"about":[{"href":"https:\/\/pausal.co.uk\/index.php\/wp-json\/wp\/v2\/types\/page"}],"author":[{"embeddable":true,"href":"https:\/\/pausal.co.uk\/index.php\/wp-json\/wp\/v2\/users\/1"}],"replies":[{"embeddable":true,"href":"https:\/\/pausal.co.uk\/index.php\/wp-json\/wp\/v2\/comments?post=6"}],"version-history":[{"count":0,"href":"https:\/\/pausal.co.uk\/index.php\/wp-json\/wp\/v2\/pages\/6\/revisions"}],"up":[{"embeddable":true,"href":"https:\/\/pausal.co.uk\/index.php\/wp-json\/wp\/v2\/pages\/10"}],"wp:attachment":[{"href":"https:\/\/pausal.co.uk\/index.php\/wp-json\/wp\/v2\/media?parent=6"}],"curies":[{"name":"wp","href":"https:\/\/api.w.org\/{rel}","templated":true}]}}