{"id":7,"date":"2010-03-15T19:43:37","date_gmt":"2010-03-15T19:43:37","guid":{"rendered":"http:\/\/www.pausal.co.uk\/?page_id=2"},"modified":"2010-03-15T19:43:37","modified_gmt":"2010-03-15T19:43:37","slug":"about","status":"publish","type":"page","link":"https:\/\/pausal.co.uk\/index.php\/about\/","title":{"rendered":"about"},"content":{"rendered":"\n<p><\/p>\n\n\n\n<p>Soy fot\u00f3grafa y curadora. He trabajado como editora de fotograf\u00eda para el diario <a rel=\"noreferrer noopener\" href=\"http:\/\/www.lanacion.com.ar\" data-type=\"URL\" data-id=\"http:\/\/www.lanacion.com.ar\" target=\"_blank\">La Naci\u00f3n<\/a> (Argentina) durante cinco a\u00f1os. Estudi\u00e9 fotograf\u00eda en Madrid y asist\u00ed a talleres en Buenos Aires, Toronto, Toscana, Londres y Sevilla, mientras ayudaba a fot\u00f3grafos y trabajaba como retocadora. En Londres me interes\u00e9 por la filosof\u00eda y la historia, y en 2010 termin\u00e9 una licenciatura en Historia e Historia de las Ideas en Goldsmiths College.<br>Co-dirig\u00ed <em>(experiencia) HIEDRA<\/em> durante tres a\u00f1os (2015-2018), una galer\u00eda de arte comunitaria con sede Buenos Aires.<br>En la secci\u00f3n de proyectos de esta web podr\u00e1s ver reflejados mis intereses de investigaci\u00f3n.<br>Una selecci\u00f3n de mis fotograf\u00edas se vende a trav\u00e9s de la agencia inglesa <a rel=\"noreferrer noopener\" href=\"https:\/\/www.milim.com\/\" target=\"_blank\">Millenium Images<\/a>. Mis fotograf\u00edas han sido publicadas en La Naci\u00f3n, Rolling Stone, Corriere della Sera, The New York Times, STERN, Marie Claire, Forbes, Elle Decoraci\u00f3n y Etiqueta Negra, entre otros.<\/p>\n\n\n\n<p>\/<\/p>\n\n\n\n<p>I am a freelance photographer and curator. I\u00a0 have worked as a photo editor for <a rel=\"noreferrer noopener\" href=\"http:\/\/www.lanacion.com.ar\" target=\"_blank\">La Naci\u00f3n<\/a> for five years. I studied photography in Madrid and attended workshops in Buenos Aires, Toronto, Tuscany, London and Seville, while assisting photographers and working as a retoucher. In London I became interested in philosophy and history, and in 2010 completed a BA in History and History of Ideas at Goldsmiths College.<br>I co-directed<em> (experiencia)HIEDRA<\/em> for three years (2015-2018), a project-based art gallery in Buenos Aires. <br>In the projects section of this website you will see reflected my research interests.<br>A selection of my photographs is sold through\u00a0<a rel=\"noreferrer noopener\" href=\"https:\/\/www.milim.com\/\" target=\"_blank\">Millenium Images<\/a>. My photographs have been pubished in La Naci\u00f3n, Rolling Stone, Corriere della Sera, The New York Times, STERN, Marie Claire, Forbes, Elle Decoration and Etiqueta Negra, among others.<br><br>\/<\/p>\n\n\n<p><a href=\"http:\/\/www.pausal.co.uk\/about\/canedcpwoaaovuo\" rel=\"attachment wp-att-1418\"><img loading=\"lazy\" decoding=\"async\" class=\"wp-image-1418 size-medium\" src=\"http:\/\/www.pausal.co.uk\/wp-content\/uploads\/pictures\/CANedcPWoAAovuo-300x300.png\" alt=\"\" width=\"300\" height=\"300\"><\/a><\/p>\n\n\n<p>(algui\u00e9n me dibuj\u00f3 as\u00ed \/ someone did this sketch of my face)<br>___<br>email <a href=\"mailto:me@pausal.co.uk\">contact[at]pausal.co.uk<\/a>.<br>ARGENTINA: +54 (9) 11 7014 7334<\/p>\n\n\n\n<p><\/p>\n","protected":false},"excerpt":{"rendered":"<p>Soy fot\u00f3grafa y curadora. He trabajado como editora de fotograf\u00eda para el diario La Naci\u00f3n (Argentina) durante cinco a\u00f1os. Estudi\u00e9 fotograf\u00eda en Madrid y asist\u00ed a talleres en Buenos Aires, Toronto, Toscana, Londres y Sevilla, mientras ayudaba a fot\u00f3grafos y trabajaba como retocadora. En Londres me interes\u00e9 por la filosof\u00eda&hellip; <\/p>\n","protected":false},"author":1,"featured_media":0,"parent":0,"menu_order":4,"comment_status":"closed","ping_status":"closed","template":"","meta":{"footnotes":""},"_links":{"self":[{"href":"https:\/\/pausal.co.uk\/index.php\/wp-json\/wp\/v2\/pages\/7"}],"collection":[{"href":"https:\/\/pausal.co.uk\/index.php\/wp-json\/wp\/v2\/pages"}],"about":[{"href":"https:\/\/pausal.co.uk\/index.php\/wp-json\/wp\/v2\/types\/page"}],"author":[{"embeddable":true,"href":"https:\/\/pausal.co.uk\/index.php\/wp-json\/wp\/v2\/users\/1"}],"replies":[{"embeddable":true,"href":"https:\/\/pausal.co.uk\/index.php\/wp-json\/wp\/v2\/comments?post=7"}],"version-history":[{"count":0,"href":"https:\/\/pausal.co.uk\/index.php\/wp-json\/wp\/v2\/pages\/7\/revisions"}],"wp:attachment":[{"href":"https:\/\/pausal.co.uk\/index.php\/wp-json\/wp\/v2\/media?parent=7"}],"curies":[{"name":"wp","href":"https:\/\/api.w.org\/{rel}","templated":true}]}}